{"id":37,"date":"2024-09-29T10:08:02","date_gmt":"2024-09-29T10:08:02","guid":{"rendered":"https:\/\/trekkingeninde.com\/old\/?page_id=37"},"modified":"2025-04-24T11:37:29","modified_gmt":"2025-04-24T11:37:29","slug":"home","status":"publish","type":"page","link":"https:\/\/trekkingeninde.com\/old\/home\/","title":{"rendered":"Home"},"content":{"rendered":"\n<p><\/p>\n\n\n<h2>Page Title<\/h2>        <div class=\"custom-page-wrapper\">\n            <ul class=\"custom-page-list\">\n                                    <li data-page-id=\"10\">\n                        <img loading=\"lazy\" decoding=\"async\" width=\"1920\" height=\"1080\" src=\"https:\/\/trekkingeninde.com\/old\/wp-content\/uploads\/2024\/09\/leh-ladakh-india-people-culture.jpg\" class=\"attachment-post-thumbnail size-post-thumbnail wp-post-image\" alt=\"Leh Ladakh India People Culture - Voyage en Inde\" srcset=\"https:\/\/trekkingeninde.com\/old\/wp-content\/uploads\/2024\/09\/leh-ladakh-india-people-culture.jpg 1920w, https:\/\/trekkingeninde.com\/old\/wp-content\/uploads\/2024\/09\/leh-ladakh-india-people-culture-300x169.jpg 300w, https:\/\/trekkingeninde.com\/old\/wp-content\/uploads\/2024\/09\/leh-ladakh-india-people-culture-1024x576.jpg 1024w, https:\/\/trekkingeninde.com\/old\/wp-content\/uploads\/2024\/09\/leh-ladakh-india-people-culture-768x432.jpg 768w, https:\/\/trekkingeninde.com\/old\/wp-content\/uploads\/2024\/09\/leh-ladakh-india-people-culture-1536x864.jpg 1536w, https:\/\/trekkingeninde.com\/old\/wp-content\/uploads\/2024\/09\/leh-ladakh-india-people-culture-1140x641.jpg 1140w\" sizes=\"(max-width: 1920px) 100vw, 1920px\" \/>                        <h5>Chez les Habitants en Ladakh<\/h5>\n                        <div class=\"page-content\">\n                            Saison: De mi-juin \u00e0 mi-septembre Jour 01 Delhi \/ Leh &#8211; Ladakh (Vol) : D\u00e9part de votre h\u00f4tel \u00e0 Delhi...                        <\/div>\n\t\t\t\t\t\t<div class=\"read-more\">\n\t\t\t\t\t\t\t<a href=\"https:\/\/trekkingeninde.com\/old\/chez-les-habitants\/\" title=\"Chez les Habitants en Ladakh\">\n                        \t\tA savoir plus\n                        \t<\/a>\n\t\t\t\t\t\t<\/div>\n                    <\/li>\n                                    <li data-page-id=\"24\">\n                        <img loading=\"lazy\" decoding=\"async\" width=\"1200\" height=\"675\" src=\"https:\/\/trekkingeninde.com\/old\/wp-content\/uploads\/2024\/09\/zaskar.jpg\" class=\"attachment-post-thumbnail size-post-thumbnail wp-post-image\" alt=\"Zanskar Ladakh\" srcset=\"https:\/\/trekkingeninde.com\/old\/wp-content\/uploads\/2024\/09\/zaskar.jpg 1200w, https:\/\/trekkingeninde.com\/old\/wp-content\/uploads\/2024\/09\/zaskar-300x169.jpg 300w, https:\/\/trekkingeninde.com\/old\/wp-content\/uploads\/2024\/09\/zaskar-1024x576.jpg 1024w, https:\/\/trekkingeninde.com\/old\/wp-content\/uploads\/2024\/09\/zaskar-768x432.jpg 768w, https:\/\/trekkingeninde.com\/old\/wp-content\/uploads\/2024\/09\/zaskar-1140x641.jpg 1140w\" sizes=\"(max-width: 1200px) 100vw, 1200px\" \/>                        <h5>Passion du Zanskar<\/h5>\n                        <div class=\"page-content\">\n                            Saison: De Juin \u00e0 mi-septembre Grand Zanskar:Le Ladakh, appele\u00e9 &#8220;petit Tibet&#8221; est un ancien royame enserr\u00e9 par les cha\u00eenes du...                        <\/div>\n\t\t\t\t\t\t<div class=\"read-more\">\n\t\t\t\t\t\t\t<a href=\"https:\/\/trekkingeninde.com\/old\/passion-du-zanskar\/\" title=\"Passion du Zanskar\">\n                        \t\tA savoir plus\n                        \t<\/a>\n\t\t\t\t\t\t<\/div>\n                    <\/li>\n                            <\/ul>\n        <\/div>\n        \n\n\n\n<p><\/p>\n","protected":false},"excerpt":{"rendered":"","protected":false},"author":1,"featured_media":51,"parent":0,"menu_order":0,"comment_status":"closed","ping_status":"closed","template":"","meta":{"footnotes":""},"class_list":["post-37","page","type-page","status-publish","has-post-thumbnail","hentry"],"yoast_head":"<!-- This site is optimized with the Yoast SEO plugin v25.0 - https:\/\/yoast.com\/wordpress\/plugins\/seo\/ -->\n<title>Trekking en Inde - Explorez l\u2019Himalaya &amp; les Meilleurs Treks \ud83c\uddee\ud83c\uddf3<\/title>\n<meta name=\"description\" content=\"Partez \u00e0 l\u2019aventure en Inde ! \ud83c\udfd4\ufe0f Explorez l\u2019Himalaya, le Rajasthan et le Kerala avec des treks sur mesure. Guides experts, itin\u00e9raires uniques \u2013 r\u00e9servez votre trek d\u00e8s maintenant ! \ud83d\udeb6\u200d\u2642\ufe0f\u26f0\ufe0f\" \/>\n<meta name=\"robots\" content=\"index, follow, max-snippet:-1, max-image-preview:large, max-video-preview:-1\" \/>\n<link rel=\"canonical\" href=\"https:\/\/trekkingeninde.com\/home\/\" \/>\n<meta property=\"og:locale\" content=\"en_US\" \/>\n<meta property=\"og:type\" content=\"article\" \/>\n<meta property=\"og:title\" content=\"Trekking en Inde - Explorez l\u2019Himalaya &amp; les Meilleurs Treks \ud83c\uddee\ud83c\uddf3\" \/>\n<meta property=\"og:description\" content=\"Partez \u00e0 l\u2019aventure en Inde ! \ud83c\udfd4\ufe0f Explorez l\u2019Himalaya, le Rajasthan et le Kerala avec des treks sur mesure. Guides experts, itin\u00e9raires uniques \u2013 r\u00e9servez votre trek d\u00e8s maintenant ! \ud83d\udeb6\u200d\u2642\ufe0f\u26f0\ufe0f\" \/>\n<meta property=\"og:url\" content=\"https:\/\/trekkingeninde.com\/home\/\" \/>\n<meta property=\"og:site_name\" content=\"Trekking en Inde\" \/>\n<meta property=\"article:modified_time\" content=\"2025-04-24T11:37:29+00:00\" \/>\n<meta property=\"og:image\" content=\"https:\/\/trekkingeninde.com\/wp-content\/uploads\/2024\/09\/trekking-en-inde-hero.jpg\" \/>\n\t<meta property=\"og:image:width\" content=\"2400\" \/>\n\t<meta property=\"og:image:height\" content=\"1601\" \/>\n\t<meta property=\"og:image:type\" content=\"image\/jpeg\" \/>\n<meta name=\"twitter:card\" content=\"summary_large_image\" \/>\n<meta name=\"twitter:label1\" content=\"Est. reading time\" \/>\n\t<meta name=\"twitter:data1\" content=\"1 minute\" \/>\n<script type=\"application\/ld+json\" class=\"yoast-schema-graph\">{\"@context\":\"https:\/\/schema.org\",\"@graph\":[{\"@type\":\"WebPage\",\"@id\":\"https:\/\/trekkingeninde.com\/home\/\",\"url\":\"https:\/\/trekkingeninde.com\/home\/\",\"name\":\"Trekking en Inde - Explorez l\u2019Himalaya & les Meilleurs Treks \ud83c\uddee\ud83c\uddf3\",\"isPartOf\":{\"@id\":\"https:\/\/trekkingeninde.com\/#website\"},\"primaryImageOfPage\":{\"@id\":\"https:\/\/trekkingeninde.com\/home\/#primaryimage\"},\"image\":{\"@id\":\"https:\/\/trekkingeninde.com\/home\/#primaryimage\"},\"thumbnailUrl\":\"https:\/\/trekkingeninde.com\/old\/wp-content\/uploads\/2024\/09\/trekking-en-inde-hero.jpg\",\"datePublished\":\"2024-09-29T10:08:02+00:00\",\"dateModified\":\"2025-04-24T11:37:29+00:00\",\"description\":\"Partez \u00e0 l\u2019aventure en Inde ! \ud83c\udfd4\ufe0f Explorez l\u2019Himalaya, le Rajasthan et le Kerala avec des treks sur mesure. Guides experts, itin\u00e9raires uniques \u2013 r\u00e9servez votre trek d\u00e8s maintenant ! \ud83d\udeb6\u200d\u2642\ufe0f\u26f0\ufe0f\",\"breadcrumb\":{\"@id\":\"https:\/\/trekkingeninde.com\/home\/#breadcrumb\"},\"inLanguage\":\"en-US\",\"potentialAction\":[{\"@type\":\"ReadAction\",\"target\":[\"https:\/\/trekkingeninde.com\/home\/\"]}]},{\"@type\":\"ImageObject\",\"inLanguage\":\"en-US\",\"@id\":\"https:\/\/trekkingeninde.com\/home\/#primaryimage\",\"url\":\"https:\/\/trekkingeninde.com\/old\/wp-content\/uploads\/2024\/09\/trekking-en-inde-hero.jpg\",\"contentUrl\":\"https:\/\/trekkingeninde.com\/old\/wp-content\/uploads\/2024\/09\/trekking-en-inde-hero.jpg\",\"width\":2400,\"height\":1601},{\"@type\":\"BreadcrumbList\",\"@id\":\"https:\/\/trekkingeninde.com\/home\/#breadcrumb\",\"itemListElement\":[{\"@type\":\"ListItem\",\"position\":1,\"name\":\"Home\",\"item\":\"https:\/\/trekkingeninde.com\/\"},{\"@type\":\"ListItem\",\"position\":2,\"name\":\"Home\"}]},{\"@type\":\"WebSite\",\"@id\":\"https:\/\/trekkingeninde.com\/#website\",\"url\":\"https:\/\/trekkingeninde.com\/\",\"name\":\"Trekking en Inde\",\"description\":\"\",\"potentialAction\":[{\"@type\":\"SearchAction\",\"target\":{\"@type\":\"EntryPoint\",\"urlTemplate\":\"https:\/\/trekkingeninde.com\/?s={search_term_string}\"},\"query-input\":{\"@type\":\"PropertyValueSpecification\",\"valueRequired\":true,\"valueName\":\"search_term_string\"}}],\"inLanguage\":\"en-US\"}]}<\/script>\n<!-- \/ Yoast SEO plugin. -->","yoast_head_json":{"title":"Trekking en Inde - Explorez l\u2019Himalaya & les Meilleurs Treks \ud83c\uddee\ud83c\uddf3","description":"Partez \u00e0 l\u2019aventure en Inde ! \ud83c\udfd4\ufe0f Explorez l\u2019Himalaya, le Rajasthan et le Kerala avec des treks sur mesure. Guides experts, itin\u00e9raires uniques \u2013 r\u00e9servez votre trek d\u00e8s maintenant ! \ud83d\udeb6\u200d\u2642\ufe0f\u26f0\ufe0f","robots":{"index":"index","follow":"follow","max-snippet":"max-snippet:-1","max-image-preview":"max-image-preview:large","max-video-preview":"max-video-preview:-1"},"canonical":"https:\/\/trekkingeninde.com\/home\/","og_locale":"en_US","og_type":"article","og_title":"Trekking en Inde - Explorez l\u2019Himalaya & les Meilleurs Treks \ud83c\uddee\ud83c\uddf3","og_description":"Partez \u00e0 l\u2019aventure en Inde ! \ud83c\udfd4\ufe0f Explorez l\u2019Himalaya, le Rajasthan et le Kerala avec des treks sur mesure. Guides experts, itin\u00e9raires uniques \u2013 r\u00e9servez votre trek d\u00e8s maintenant ! \ud83d\udeb6\u200d\u2642\ufe0f\u26f0\ufe0f","og_url":"https:\/\/trekkingeninde.com\/home\/","og_site_name":"Trekking en Inde","article_modified_time":"2025-04-24T11:37:29+00:00","og_image":[{"width":2400,"height":1601,"url":"https:\/\/trekkingeninde.com\/wp-content\/uploads\/2024\/09\/trekking-en-inde-hero.jpg","type":"image\/jpeg"}],"twitter_card":"summary_large_image","twitter_misc":{"Est. reading time":"1 minute"},"schema":{"@context":"https:\/\/schema.org","@graph":[{"@type":"WebPage","@id":"https:\/\/trekkingeninde.com\/home\/","url":"https:\/\/trekkingeninde.com\/home\/","name":"Trekking en Inde - Explorez l\u2019Himalaya & les Meilleurs Treks \ud83c\uddee\ud83c\uddf3","isPartOf":{"@id":"https:\/\/trekkingeninde.com\/#website"},"primaryImageOfPage":{"@id":"https:\/\/trekkingeninde.com\/home\/#primaryimage"},"image":{"@id":"https:\/\/trekkingeninde.com\/home\/#primaryimage"},"thumbnailUrl":"https:\/\/trekkingeninde.com\/old\/wp-content\/uploads\/2024\/09\/trekking-en-inde-hero.jpg","datePublished":"2024-09-29T10:08:02+00:00","dateModified":"2025-04-24T11:37:29+00:00","description":"Partez \u00e0 l\u2019aventure en Inde ! \ud83c\udfd4\ufe0f Explorez l\u2019Himalaya, le Rajasthan et le Kerala avec des treks sur mesure. Guides experts, itin\u00e9raires uniques \u2013 r\u00e9servez votre trek d\u00e8s maintenant ! \ud83d\udeb6\u200d\u2642\ufe0f\u26f0\ufe0f","breadcrumb":{"@id":"https:\/\/trekkingeninde.com\/home\/#breadcrumb"},"inLanguage":"en-US","potentialAction":[{"@type":"ReadAction","target":["https:\/\/trekkingeninde.com\/home\/"]}]},{"@type":"ImageObject","inLanguage":"en-US","@id":"https:\/\/trekkingeninde.com\/home\/#primaryimage","url":"https:\/\/trekkingeninde.com\/old\/wp-content\/uploads\/2024\/09\/trekking-en-inde-hero.jpg","contentUrl":"https:\/\/trekkingeninde.com\/old\/wp-content\/uploads\/2024\/09\/trekking-en-inde-hero.jpg","width":2400,"height":1601},{"@type":"BreadcrumbList","@id":"https:\/\/trekkingeninde.com\/home\/#breadcrumb","itemListElement":[{"@type":"ListItem","position":1,"name":"Home","item":"https:\/\/trekkingeninde.com\/"},{"@type":"ListItem","position":2,"name":"Home"}]},{"@type":"WebSite","@id":"https:\/\/trekkingeninde.com\/#website","url":"https:\/\/trekkingeninde.com\/","name":"Trekking en Inde","description":"","potentialAction":[{"@type":"SearchAction","target":{"@type":"EntryPoint","urlTemplate":"https:\/\/trekkingeninde.com\/?s={search_term_string}"},"query-input":{"@type":"PropertyValueSpecification","valueRequired":true,"valueName":"search_term_string"}}],"inLanguage":"en-US"}]}},"acf":[],"_links":{"self":[{"href":"https:\/\/trekkingeninde.com\/old\/wp-json\/wp\/v2\/pages\/37"}],"collection":[{"href":"https:\/\/trekkingeninde.com\/old\/wp-json\/wp\/v2\/pages"}],"about":[{"href":"https:\/\/trekkingeninde.com\/old\/wp-json\/wp\/v2\/types\/page"}],"author":[{"embeddable":true,"href":"https:\/\/trekkingeninde.com\/old\/wp-json\/wp\/v2\/users\/1"}],"replies":[{"embeddable":true,"href":"https:\/\/trekkingeninde.com\/old\/wp-json\/wp\/v2\/comments?post=37"}],"version-history":[{"count":20,"href":"https:\/\/trekkingeninde.com\/old\/wp-json\/wp\/v2\/pages\/37\/revisions"}],"predecessor-version":[{"id":209,"href":"https:\/\/trekkingeninde.com\/old\/wp-json\/wp\/v2\/pages\/37\/revisions\/209"}],"wp:featuredmedia":[{"embeddable":true,"href":"https:\/\/trekkingeninde.com\/old\/wp-json\/wp\/v2\/media\/51"}],"wp:attachment":[{"href":"https:\/\/trekkingeninde.com\/old\/wp-json\/wp\/v2\/media?parent=37"}],"curies":[{"name":"wp","href":"https:\/\/api.w.org\/{rel}","templated":true}]}}