{"id":10,"date":"2024-09-29T09:01:54","date_gmt":"2024-09-29T09:01:54","guid":{"rendered":"https:\/\/trekkingeninde.com\/old\/?page_id=10"},"modified":"2025-05-22T07:15:22","modified_gmt":"2025-05-22T07:15:22","slug":"chez-les-habitants","status":"publish","type":"page","link":"https:\/\/trekkingeninde.com\/old\/chez-les-habitants\/","title":{"rendered":"Chez les Habitants en Ladakh"},"content":{"rendered":"\n<h4 class=\"wp-block-heading\"><strong>Saison: De mi-juin \u00e0 mi-septembre<\/strong><\/h4>\n\n\n\n<blockquote class=\"wp-block-quote is-layout-flow wp-block-quote-is-layout-flow\">\n<p>Le Ladakh, appel\u00e9 &#8220;petit Tibet&#8221; est un ancien royame enserr\u00e9 par les cha\u00eenes du Karakoram et de l&#8217;Himalaya et travers\u00e9 par l&#8217;Indus. C&#8217;est un pays de lumi\u00e8re et de contrastes, des paysages fabuleux, d&#8217;immenses \u00e9tendues min\u00e9rales et arides des hauts plateaux a la luxuriance des oasis de verdure et cultures. Autour de chaque village, on d\u00e9couvre des murs de pierres &#8220;les murs Mani&#8221; dont chaque pierre est grav\u00e9e d&#8217;une pri\u00e8re. De nombreux monast\u00e8res en activit\u00e9, richement d\u00e9cor\u00e9s, t\u00e9moins de l&#8217;importance de la religion tib\u00e9taine lama\u00eeque, pr\u00e9sente dans la vie de tous les jours des Ladakhis. les villages vivent compl\u00e8tement isol\u00e9s par la neige plusieurs mois de l&#8217;ann\u00e9e.<\/p>\n\n\n\n<div style=\"height:20px\" aria-hidden=\"true\" class=\"wp-block-spacer\"><\/div>\n<\/blockquote>\n\n\n\n<div class=\"wp-block-group\"><div class=\"wp-block-group__inner-container is-layout-grid wp-container-core-group-is-layout-1 wp-block-group-is-layout-grid\">\n<figure class=\"wp-block-image size-full\"><img loading=\"lazy\" decoding=\"async\" width=\"612\" height=\"408\" src=\"https:\/\/trekkingeninde.com\/old\/wp-content\/uploads\/2024\/10\/0Leh3.jpg\" alt=\"Chez les Habitants - Leh - Voyage en Inde\" class=\"wp-image-67\" srcset=\"https:\/\/trekkingeninde.com\/old\/wp-content\/uploads\/2024\/10\/0Leh3.jpg 612w, https:\/\/trekkingeninde.com\/old\/wp-content\/uploads\/2024\/10\/0Leh3-300x200.jpg 300w\" sizes=\"(max-width: 612px) 100vw, 612px\" \/><\/figure>\n\n\n\n<figure class=\"wp-block-image size-large\"><img loading=\"lazy\" decoding=\"async\" width=\"1620\" height=\"1080\" src=\"https:\/\/trekkingeninde.com\/old\/wp-content\/uploads\/2025\/05\/leh-ladakh-india-people-culture-edited.jpg\" alt=\"Leh Ladakh India People Culture - Voyage en Inde\" class=\"wp-image-513\" srcset=\"https:\/\/trekkingeninde.com\/old\/wp-content\/uploads\/2025\/05\/leh-ladakh-india-people-culture-edited.jpg 1620w, https:\/\/trekkingeninde.com\/old\/wp-content\/uploads\/2025\/05\/leh-ladakh-india-people-culture-edited-300x200.jpg 300w, https:\/\/trekkingeninde.com\/old\/wp-content\/uploads\/2025\/05\/leh-ladakh-india-people-culture-edited-1024x683.jpg 1024w, https:\/\/trekkingeninde.com\/old\/wp-content\/uploads\/2025\/05\/leh-ladakh-india-people-culture-edited-768x512.jpg 768w, https:\/\/trekkingeninde.com\/old\/wp-content\/uploads\/2025\/05\/leh-ladakh-india-people-culture-edited-1536x1024.jpg 1536w, https:\/\/trekkingeninde.com\/old\/wp-content\/uploads\/2025\/05\/leh-ladakh-india-people-culture-edited-1140x760.jpg 1140w\" sizes=\"(max-width: 1620px) 100vw, 1620px\" \/><\/figure>\n<\/div><\/div>\n\n\n\n<div style=\"height:10px\" aria-hidden=\"true\" class=\"wp-block-spacer\"><\/div>\n\n\n\n<div class=\"wp-block-group\"><div class=\"wp-block-group__inner-container is-layout-grid wp-container-core-group-is-layout-2 wp-block-group-is-layout-grid\">\n<figure class=\"wp-block-image size-full\"><img loading=\"lazy\" decoding=\"async\" width=\"612\" height=\"408\" src=\"https:\/\/trekkingeninde.com\/old\/wp-content\/uploads\/2024\/10\/0Leh6.jpg\" alt=\"March\u00e9 indien de Leh - Voyage en Inde\" class=\"wp-image-76\" srcset=\"https:\/\/trekkingeninde.com\/old\/wp-content\/uploads\/2024\/10\/0Leh6.jpg 612w, https:\/\/trekkingeninde.com\/old\/wp-content\/uploads\/2024\/10\/0Leh6-300x200.jpg 300w\" sizes=\"(max-width: 612px) 100vw, 612px\" \/><\/figure>\n\n\n\n<figure class=\"wp-block-image size-full\"><img loading=\"lazy\" decoding=\"async\" width=\"1024\" height=\"683\" src=\"https:\/\/trekkingeninde.com\/old\/wp-content\/uploads\/2025\/05\/Leh-Summer2-edited.jpg\" alt=\"Habitants de Leh Ladakh Inde - Voyage en Inde\n\" class=\"wp-image-515\" srcset=\"https:\/\/trekkingeninde.com\/old\/wp-content\/uploads\/2025\/05\/Leh-Summer2-edited.jpg 1024w, https:\/\/trekkingeninde.com\/old\/wp-content\/uploads\/2025\/05\/Leh-Summer2-edited-300x200.jpg 300w, https:\/\/trekkingeninde.com\/old\/wp-content\/uploads\/2025\/05\/Leh-Summer2-edited-768x512.jpg 768w\" sizes=\"(max-width: 1024px) 100vw, 1024px\" \/><\/figure>\n<\/div><\/div>\n\n\n\n<div style=\"height:20px\" aria-hidden=\"true\" class=\"wp-block-spacer\"><\/div>\n\n\n\n<h3 class=\"wp-block-heading\">Jour 01 Delhi \/ Leh &#8211; Ladakh (Vol) :<\/h3>\n\n\n\n<p>D\u00e9part de votre h\u00f4tel \u00e0 Delhi pour l&#8217;a\u00e9roport national. Vol \u00e0 Destination de Leh (ce vol est soumis aux conditions climatiques) Leh est la capitale du Ladakh \u00e0 l&#8217;altitude de 3505 m. A l&#8217;arriv\u00e9e \u00e0 Leh, vous \u00eates attendus et transfert \u00e0 l&#8217;h\u00f4tel, un peu de repos pour s&#8217;habituer \u00e0 l&#8217;altitude et premi\u00e8re d\u00e9couverte lente, de la capitale du Ladakh, visite de Leh (vestiges du Palais royal, et bazar).. H\u00f4tel \u00e0 Leh.<\/p>\n\n\n\n<h3 class=\"wp-block-heading\">Jour 02 Leh&nbsp;:<\/h3>\n\n\n\n<p>Visite des monast\u00e8res de Phyang et Spituk. Matin d\u00e9part en voiture priv\u00e9e avec guide et visite des Monast\u00e8res de Phyang et Spituk. Apr\u00e8s-midi visite du monast\u00e8re de Leh, Sankar Gompa et Ch\u00e2teau de Tsemo. Nuit \u00e0 l&#8217;h\u00f4tel.<\/p>\n\n\n\n<h3 class=\"wp-block-heading\">Jour 03&nbsp;Leh&nbsp;:<\/h3>\n\n\n\n<p>Visite des monast\u00e8res de Shey, Thiksey et Hemis. Matin d\u00e9part en voiture priv\u00e9e avec guide et visite de la forteresse Royale de Shey, b\u00e2tie sur la cr\u00eate d&#8217;une montagne ainsi que du monast\u00e8re de Thikse qui surplombe la vall\u00e9e et comporte une tr\u00e8s grande statue du Bouddha. L&#8217;apr\u00e8s-midi visite du Monast\u00e8re d&#8217;Hemis, le plus important monast\u00e8re du Ladakh, construit en 1605, il regroupe plus de 500 moines, Il abrite une collection unique de petits tableaux retra\u00e7ant la vie des grands ma\u00eetres du lama\u00efsme.<\/p>\n\n\n\n<h3 class=\"wp-block-heading\">Jour 04 Leh &#8211; Likir (Jeep 2h environ ) Likir &#8211; Yangtang (Trek, 3 &#8211; 4h environ):<\/h3>\n\n\n\n<p>Matin apr\u00e8s le petit d\u00e9jeuner d\u00e9part en jeep pour Likir (52kms) visite du monast\u00e8re et d\u00e9part du trek pour Yangtang. Depart par un terrain aride, mont\u00e9e vers le petit col de Pobe la. Arriv\u00e9e au village de Sumdo , Travers\u00e9e de la rivi\u00e8re et continuation pour le col de Charatse la. Une demi-heure de descente de Charatse la pour atteindre Yangtang. Nuit avec habitant.<\/p>\n\n\n\n<h3 class=\"wp-block-heading\">Jour 05&nbsp;: Yangtang \u2013 Rizong &#8211; Yangtang (Trek, 5h environ):<\/h3>\n\n\n\n<p>Matin apr\u00e8s le petit d\u00e9jeuner d\u00e9part pour visiter le monast\u00e8re du Rizong une forteresse rocheuse perch\u00e9e \u00e0 flanc de montagne dans un cadre grandiose, il fut fond\u00e9 au 19e si\u00e8cle. Visite des temples principaux et retour a Yangtang. Nuit avec habitant.<\/p>\n\n\n\n<h3 class=\"wp-block-heading\">Jour 06&nbsp;: Yangtang &#8211; Ang (4 &#8211; 5h environ):<\/h3>\n\n\n\n<p>D\u00e9part de Yangtang pour Ang. Par Sermanchan La et Meptek La. En route visite du monast\u00e8re d&#8217;Hemis Shukpachan. Nuit avec habitant.<\/p>\n\n\n\n<h3 class=\"wp-block-heading\">Jour 07&nbsp;: Ang &#8211; Khalse (5 &#8211; 6h environ ) &#8211; Uleytokpo (Jeep 30 minutes approx):<\/h3>\n\n\n\n<p>Matin apr\u00e8s le petit d\u00e9jeuner, d\u00e9part pour Khalse en passant le village de Themisgang, un de plus riche village du Ladakh, on peut y voir des abricotiers, pommiers, noyers et de belles maisons et le monast\u00e8re. Une heure de marche pour le col de Bongbong La et descente pour rejoindre autoroute nationale et puis d\u00e9part en jeep pour Uleytokpo. Nuit \u00e0 l&#8217;h\u00f4tel.<\/p>\n\n\n\n<h3 class=\"wp-block-heading\">Jour 08&nbsp;: Uleytokpo \u2013 Leh:<\/h3>\n\n\n\n<p>Matin apr\u00e8s le petit d\u00e9jeuner, d\u00e9part en jeep pour le village d&#8217;Alchi, visite du Monast\u00e8re. Apr\u00e8s-midi d\u00e9part pour Leh. En route visite le ch\u00e2teau du Basgo. Nuit \u00e0 l&#8217;h\u00f4tel<\/p>\n\n\n\n<h3 class=\"wp-block-heading\">Jour 09&nbsp;: Leh &#8211; Nubra Valley via Khardung-la:<\/h3>\n\n\n\n<p>T\u00f4t le matin d\u00e9part pour la vall\u00e9e de Nubra par Khardong La (5540m) la plus haute route du monde. 3h en jeep pour atteindre Tirith apr\u00e8s Khardung-la. Installation au camp. Apr\u00e8s-midi visite du Summur, Kyagar et source de l&#8217;eue chaude. Nuit sous tente ou l&#8217;h\u00f4tel.<\/p>\n\n\n\n<h3 class=\"wp-block-heading\">Jour 10&nbsp;: Nubra:<\/h3>\n\n\n\n<p>Matin, apr\u00e8s petit d\u00e9jeuner d\u00e9part pour Hunder. Visite du monast\u00e8re, vieux de 150 ans. Et retour dans un petit d\u00e9sert situ\u00e9 au bord de la rivi\u00e8re Shyok. (vous pouvez profiter d&#8217;une super balade \u00e0 dos de chameau.) Apr\u00e8s-midi retour a Diskit, et visite du monast\u00e8re de Diskit, situ\u00e9 sur la colline, au fond du village. Construction datant de l&#8217;an 1420. a la fin du jour retour au camp ou l&#8217;h\u00f4tel.<\/p>\n\n\n\n<h3 class=\"wp-block-heading\">Jour 11&nbsp;: Nubra \u2013 Leh:<\/h3>\n\n\n\n<p>Matin apr\u00e8s le petit d\u00e9jeuner d\u00e9part pour Leh. 5h en jeep pour atteindre Leh. Nuit \u00e0 l&#8217;h\u00f4tel.<\/p>\n\n\n\n<h3 class=\"wp-block-heading\">Jour 12 Leh &#8211; Delhi (Vol):<\/h3>\n\n\n\n<p>Transfert \u00e0 l&#8217;a\u00e9roport et d\u00e9part pour Delhi. (vols soumis aux al\u00e9as climatiques)<\/p>\n\n\n\n<p>D\u00e9couvrir nos autres forfaits pour votre prochain <a href=\"https:\/\/trekkingeninde.com\/old\/voyage-en-inde\/\" target=\"_blank\" rel=\"noreferrer noopener\">voyage en Inde<\/a>.<br><a href=\"https:\/\/trekkingeninde.com\/old\/contactez-nous\/\">Contactez-nous<\/a>&nbsp;pour plus de d\u00e9tails et pour toute demande concernant nos forfaits.<\/p>\n\n\n\n<p><\/p>\n","protected":false},"excerpt":{"rendered":"<p>Saison: De mi-juin \u00e0 mi-septembre Jour 01 Delhi \/ Leh &#8211; Ladakh (Vol) : D\u00e9part de votre h\u00f4tel \u00e0 Delhi pour l&#8217;a\u00e9roport national. Vol \u00e0 Destination de Leh (ce vol est soumis aux conditions climatiques) Leh est la capitale du Ladakh \u00e0 l&#8217;altitude de 3505 m. A l&#8217;arriv\u00e9e \u00e0 Leh, vous \u00eates attendus et transfert \u00e0 l&#8217;h\u00f4tel, un peu de repos pour s&#8217;habituer \u00e0 l&#8217;altitude et premi\u00e8re d\u00e9couverte lente, de la capitale du Ladakh, visite de Leh (vestiges du Palais royal, et bazar).. H\u00f4tel \u00e0 Leh. Jour 02 Leh&nbsp;: Visite des monast\u00e8res de Phyang et Spituk. Matin d\u00e9part en voiture priv\u00e9e avec guide et visite des Monast\u00e8res de Phyang et Spituk. Apr\u00e8s-midi visite du monast\u00e8re de Leh, Sankar Gompa et Ch\u00e2teau de Tsemo. Nuit \u00e0 l&#8217;h\u00f4tel. Jour 03&nbsp;Leh&nbsp;: Visite des monast\u00e8res de Shey, Thiksey et Hemis. Matin d\u00e9part en voiture priv\u00e9e avec guide et visite de la forteresse Royale de Shey, b\u00e2tie sur la cr\u00eate d&#8217;une montagne ainsi que du monast\u00e8re de Thikse qui surplombe la vall\u00e9e et comporte une tr\u00e8s grande statue du Bouddha. L&#8217;apr\u00e8s-midi visite du Monast\u00e8re d&#8217;Hemis, le plus important monast\u00e8re du Ladakh, construit en 1605, il regroupe plus de 500 moines, Il abrite une collection unique de petits tableaux retra\u00e7ant la vie des grands ma\u00eetres du lama\u00efsme. Jour 04 Leh &#8211; Likir (Jeep 2h environ ) Likir &#8211; Yangtang (Trek, 3 &#8211; 4h environ): Matin apr\u00e8s le petit d\u00e9jeuner d\u00e9part en jeep pour Likir (52kms) visite du monast\u00e8re et d\u00e9part du trek pour Yangtang. Depart par un terrain aride, mont\u00e9e vers le petit col de Pobe la. Arriv\u00e9e au village de Sumdo , Travers\u00e9e de la rivi\u00e8re et continuation pour le col de Charatse la. Une demi-heure de descente de Charatse la pour atteindre Yangtang. Nuit avec habitant. Jour 05&nbsp;: Yangtang \u2013 Rizong &#8211; Yangtang (Trek, 5h environ): Matin apr\u00e8s le petit d\u00e9jeuner d\u00e9part pour visiter le monast\u00e8re du Rizong une forteresse rocheuse perch\u00e9e \u00e0 flanc de montagne dans un cadre grandiose, il fut fond\u00e9 au 19e si\u00e8cle. Visite des temples principaux et retour a Yangtang. Nuit avec habitant. Jour 06&nbsp;: Yangtang &#8211; Ang (4 &#8211; 5h environ): D\u00e9part de Yangtang pour Ang. Par Sermanchan La et Meptek La. En route visite du monast\u00e8re d&#8217;Hemis Shukpachan. Nuit avec habitant. Jour 07&nbsp;: Ang &#8211; Khalse (5 &#8211; 6h environ ) &#8211; Uleytokpo (Jeep 30 minutes approx): Matin apr\u00e8s le petit d\u00e9jeuner, d\u00e9part pour Khalse en passant le village de Themisgang, un de plus riche village du Ladakh, on peut y voir des abricotiers, pommiers, noyers et de belles maisons et le monast\u00e8re. Une heure de marche pour le col de Bongbong La et descente pour rejoindre autoroute nationale et puis d\u00e9part en jeep pour Uleytokpo. Nuit \u00e0 l&#8217;h\u00f4tel. Jour 08&nbsp;: Uleytokpo \u2013 Leh: Matin apr\u00e8s le petit d\u00e9jeuner, d\u00e9part en jeep pour le village d&#8217;Alchi, visite du Monast\u00e8re. Apr\u00e8s-midi d\u00e9part pour Leh. En route visite le ch\u00e2teau du Basgo. Nuit \u00e0 l&#8217;h\u00f4tel Jour 09&nbsp;: Leh &#8211; Nubra Valley via Khardung-la: T\u00f4t le matin d\u00e9part pour la vall\u00e9e de Nubra par Khardong La (5540m) la plus haute route du monde. 3h en jeep pour atteindre Tirith apr\u00e8s Khardung-la. Installation au camp. Apr\u00e8s-midi visite du Summur, Kyagar et source de l&#8217;eue chaude. Nuit sous tente ou l&#8217;h\u00f4tel. Jour 10&nbsp;: Nubra: Matin, apr\u00e8s petit d\u00e9jeuner d\u00e9part pour Hunder. Visite du monast\u00e8re, vieux de 150 ans. Et retour dans un petit d\u00e9sert situ\u00e9 au bord de la rivi\u00e8re Shyok. (vous pouvez profiter d&#8217;une super balade \u00e0 dos de chameau.) Apr\u00e8s-midi retour a Diskit, et visite du monast\u00e8re de Diskit, situ\u00e9 sur la colline, au fond du village. Construction datant de l&#8217;an 1420. a la fin du jour retour au camp ou l&#8217;h\u00f4tel. Jour 11&nbsp;: Nubra \u2013 Leh: Matin apr\u00e8s le petit d\u00e9jeuner d\u00e9part pour Leh. 5h en jeep pour atteindre Leh. Nuit \u00e0 l&#8217;h\u00f4tel. Jour 12 Leh &#8211; Delhi (Vol): Transfert \u00e0 l&#8217;a\u00e9roport et d\u00e9part pour Delhi. (vols soumis aux al\u00e9as climatiques) D\u00e9couvrir nos autres forfaits pour votre prochain voyage en Inde.Contactez-nous&nbsp;pour plus de d\u00e9tails et pour toute demande concernant nos forfaits.<\/p>\n","protected":false},"author":1,"featured_media":30,"parent":0,"menu_order":0,"comment_status":"closed","ping_status":"closed","template":"","meta":{"footnotes":""},"class_list":["post-10","page","type-page","status-publish","has-post-thumbnail","hentry"],"yoast_head":"<!-- This site is optimized with the Yoast SEO plugin v25.0 - https:\/\/yoast.com\/wordpress\/plugins\/seo\/ -->\n<title>Chez les Habitants en Ladakh : immersion au c\u0153ur du Ladakh - Trekking en Inde<\/title>\n<meta name=\"description\" content=\"Explorez le Ladakh authentique : villages isol\u00e9s, monast\u00e8res bouddhistes, paysages saisissants et culture locale pr\u00e9serv\u00e9e entre Himalaya...\" \/>\n<meta name=\"robots\" content=\"index, follow, max-snippet:-1, max-image-preview:large, max-video-preview:-1\" \/>\n<link rel=\"canonical\" href=\"https:\/\/trekkingeninde.com\/chez-les-habitants\/\" \/>\n<meta property=\"og:locale\" content=\"en_US\" \/>\n<meta property=\"og:type\" content=\"article\" \/>\n<meta property=\"og:title\" content=\"Chez les Habitants : immersion au c\u0153ur du Ladakh\" \/>\n<meta property=\"og:description\" content=\"Explorez le Ladakh authentique : villages isol\u00e9s, monast\u00e8res bouddhistes, paysages saisissants et culture locale pr\u00e9serv\u00e9e entre Himalaya...\" \/>\n<meta property=\"og:url\" content=\"https:\/\/trekkingeninde.com\/chez-les-habitants\/\" \/>\n<meta property=\"og:site_name\" content=\"Trekking en Inde\" \/>\n<meta property=\"article:modified_time\" content=\"2025-05-22T07:15:22+00:00\" \/>\n<meta property=\"og:image\" content=\"https:\/\/trekkingeninde.com\/wp-content\/uploads\/2024\/09\/leh-ladakh-india-people-culture.jpg\" \/>\n\t<meta property=\"og:image:width\" content=\"1920\" \/>\n\t<meta property=\"og:image:height\" content=\"1080\" \/>\n\t<meta property=\"og:image:type\" content=\"image\/jpeg\" \/>\n<meta name=\"twitter:card\" content=\"summary_large_image\" \/>\n<meta name=\"twitter:title\" content=\"Chez les Habitants : immersion au c\u0153ur du Ladakh\" \/>\n<meta name=\"twitter:description\" content=\"Explorez le Ladakh authentique : villages isol\u00e9s, monast\u00e8res bouddhistes, paysages saisissants et culture locale pr\u00e9serv\u00e9e entre Himalaya...\" \/>\n<meta name=\"twitter:image\" content=\"https:\/\/trekkingeninde.com\/old\/wp-content\/uploads\/2024\/09\/leh-ladakh-india-people-culture.jpg\" \/>\n<meta name=\"twitter:label1\" content=\"Est. reading time\" \/>\n\t<meta name=\"twitter:data1\" content=\"4 minutes\" \/>\n<script type=\"application\/ld+json\" class=\"yoast-schema-graph\">{\"@context\":\"https:\/\/schema.org\",\"@graph\":[{\"@type\":\"WebPage\",\"@id\":\"https:\/\/trekkingeninde.com\/chez-les-habitants\/\",\"url\":\"https:\/\/trekkingeninde.com\/chez-les-habitants\/\",\"name\":\"Chez les Habitants en Ladakh : immersion au c\u0153ur du Ladakh - Trekking en Inde\",\"isPartOf\":{\"@id\":\"https:\/\/trekkingeninde.com\/#website\"},\"primaryImageOfPage\":{\"@id\":\"https:\/\/trekkingeninde.com\/chez-les-habitants\/#primaryimage\"},\"image\":{\"@id\":\"https:\/\/trekkingeninde.com\/chez-les-habitants\/#primaryimage\"},\"thumbnailUrl\":\"https:\/\/trekkingeninde.com\/old\/wp-content\/uploads\/2024\/09\/leh-ladakh-india-people-culture.jpg\",\"datePublished\":\"2024-09-29T09:01:54+00:00\",\"dateModified\":\"2025-05-22T07:15:22+00:00\",\"description\":\"Explorez le Ladakh authentique : villages isol\u00e9s, monast\u00e8res bouddhistes, paysages saisissants et culture locale pr\u00e9serv\u00e9e entre Himalaya...\",\"breadcrumb\":{\"@id\":\"https:\/\/trekkingeninde.com\/chez-les-habitants\/#breadcrumb\"},\"inLanguage\":\"en-US\",\"potentialAction\":[{\"@type\":\"ReadAction\",\"target\":[\"https:\/\/trekkingeninde.com\/chez-les-habitants\/\"]}]},{\"@type\":\"ImageObject\",\"inLanguage\":\"en-US\",\"@id\":\"https:\/\/trekkingeninde.com\/chez-les-habitants\/#primaryimage\",\"url\":\"https:\/\/trekkingeninde.com\/old\/wp-content\/uploads\/2024\/09\/leh-ladakh-india-people-culture.jpg\",\"contentUrl\":\"https:\/\/trekkingeninde.com\/old\/wp-content\/uploads\/2024\/09\/leh-ladakh-india-people-culture.jpg\",\"width\":1920,\"height\":1080,\"caption\":\"Leh Ladakh India People Culture - Voyage en Inde\"},{\"@type\":\"BreadcrumbList\",\"@id\":\"https:\/\/trekkingeninde.com\/chez-les-habitants\/#breadcrumb\",\"itemListElement\":[{\"@type\":\"ListItem\",\"position\":1,\"name\":\"Home\",\"item\":\"https:\/\/trekkingeninde.com\/\"},{\"@type\":\"ListItem\",\"position\":2,\"name\":\"Chez les Habitants en Ladakh\"}]},{\"@type\":\"WebSite\",\"@id\":\"https:\/\/trekkingeninde.com\/#website\",\"url\":\"https:\/\/trekkingeninde.com\/\",\"name\":\"Trekking en Inde\",\"description\":\"\",\"potentialAction\":[{\"@type\":\"SearchAction\",\"target\":{\"@type\":\"EntryPoint\",\"urlTemplate\":\"https:\/\/trekkingeninde.com\/?s={search_term_string}\"},\"query-input\":{\"@type\":\"PropertyValueSpecification\",\"valueRequired\":true,\"valueName\":\"search_term_string\"}}],\"inLanguage\":\"en-US\"}]}<\/script>\n<!-- \/ Yoast SEO plugin. -->","yoast_head_json":{"title":"Chez les Habitants en Ladakh : immersion au c\u0153ur du Ladakh - Trekking en Inde","description":"Explorez le Ladakh authentique : villages isol\u00e9s, monast\u00e8res bouddhistes, paysages saisissants et culture locale pr\u00e9serv\u00e9e entre Himalaya...","robots":{"index":"index","follow":"follow","max-snippet":"max-snippet:-1","max-image-preview":"max-image-preview:large","max-video-preview":"max-video-preview:-1"},"canonical":"https:\/\/trekkingeninde.com\/chez-les-habitants\/","og_locale":"en_US","og_type":"article","og_title":"Chez les Habitants : immersion au c\u0153ur du Ladakh","og_description":"Explorez le Ladakh authentique : villages isol\u00e9s, monast\u00e8res bouddhistes, paysages saisissants et culture locale pr\u00e9serv\u00e9e entre Himalaya...","og_url":"https:\/\/trekkingeninde.com\/chez-les-habitants\/","og_site_name":"Trekking en Inde","article_modified_time":"2025-05-22T07:15:22+00:00","og_image":[{"width":1920,"height":1080,"url":"https:\/\/trekkingeninde.com\/wp-content\/uploads\/2024\/09\/leh-ladakh-india-people-culture.jpg","type":"image\/jpeg"}],"twitter_card":"summary_large_image","twitter_title":"Chez les Habitants : immersion au c\u0153ur du Ladakh","twitter_description":"Explorez le Ladakh authentique : villages isol\u00e9s, monast\u00e8res bouddhistes, paysages saisissants et culture locale pr\u00e9serv\u00e9e entre Himalaya...","twitter_image":"https:\/\/trekkingeninde.com\/old\/wp-content\/uploads\/2024\/09\/leh-ladakh-india-people-culture.jpg","twitter_misc":{"Est. reading time":"4 minutes"},"schema":{"@context":"https:\/\/schema.org","@graph":[{"@type":"WebPage","@id":"https:\/\/trekkingeninde.com\/chez-les-habitants\/","url":"https:\/\/trekkingeninde.com\/chez-les-habitants\/","name":"Chez les Habitants en Ladakh : immersion au c\u0153ur du Ladakh - Trekking en Inde","isPartOf":{"@id":"https:\/\/trekkingeninde.com\/#website"},"primaryImageOfPage":{"@id":"https:\/\/trekkingeninde.com\/chez-les-habitants\/#primaryimage"},"image":{"@id":"https:\/\/trekkingeninde.com\/chez-les-habitants\/#primaryimage"},"thumbnailUrl":"https:\/\/trekkingeninde.com\/old\/wp-content\/uploads\/2024\/09\/leh-ladakh-india-people-culture.jpg","datePublished":"2024-09-29T09:01:54+00:00","dateModified":"2025-05-22T07:15:22+00:00","description":"Explorez le Ladakh authentique : villages isol\u00e9s, monast\u00e8res bouddhistes, paysages saisissants et culture locale pr\u00e9serv\u00e9e entre Himalaya...","breadcrumb":{"@id":"https:\/\/trekkingeninde.com\/chez-les-habitants\/#breadcrumb"},"inLanguage":"en-US","potentialAction":[{"@type":"ReadAction","target":["https:\/\/trekkingeninde.com\/chez-les-habitants\/"]}]},{"@type":"ImageObject","inLanguage":"en-US","@id":"https:\/\/trekkingeninde.com\/chez-les-habitants\/#primaryimage","url":"https:\/\/trekkingeninde.com\/old\/wp-content\/uploads\/2024\/09\/leh-ladakh-india-people-culture.jpg","contentUrl":"https:\/\/trekkingeninde.com\/old\/wp-content\/uploads\/2024\/09\/leh-ladakh-india-people-culture.jpg","width":1920,"height":1080,"caption":"Leh Ladakh India People Culture - Voyage en Inde"},{"@type":"BreadcrumbList","@id":"https:\/\/trekkingeninde.com\/chez-les-habitants\/#breadcrumb","itemListElement":[{"@type":"ListItem","position":1,"name":"Home","item":"https:\/\/trekkingeninde.com\/"},{"@type":"ListItem","position":2,"name":"Chez les Habitants en Ladakh"}]},{"@type":"WebSite","@id":"https:\/\/trekkingeninde.com\/#website","url":"https:\/\/trekkingeninde.com\/","name":"Trekking en Inde","description":"","potentialAction":[{"@type":"SearchAction","target":{"@type":"EntryPoint","urlTemplate":"https:\/\/trekkingeninde.com\/?s={search_term_string}"},"query-input":{"@type":"PropertyValueSpecification","valueRequired":true,"valueName":"search_term_string"}}],"inLanguage":"en-US"}]}},"acf":[],"_links":{"self":[{"href":"https:\/\/trekkingeninde.com\/old\/wp-json\/wp\/v2\/pages\/10"}],"collection":[{"href":"https:\/\/trekkingeninde.com\/old\/wp-json\/wp\/v2\/pages"}],"about":[{"href":"https:\/\/trekkingeninde.com\/old\/wp-json\/wp\/v2\/types\/page"}],"author":[{"embeddable":true,"href":"https:\/\/trekkingeninde.com\/old\/wp-json\/wp\/v2\/users\/1"}],"replies":[{"embeddable":true,"href":"https:\/\/trekkingeninde.com\/old\/wp-json\/wp\/v2\/comments?post=10"}],"version-history":[{"count":23,"href":"https:\/\/trekkingeninde.com\/old\/wp-json\/wp\/v2\/pages\/10\/revisions"}],"predecessor-version":[{"id":525,"href":"https:\/\/trekkingeninde.com\/old\/wp-json\/wp\/v2\/pages\/10\/revisions\/525"}],"wp:featuredmedia":[{"embeddable":true,"href":"https:\/\/trekkingeninde.com\/old\/wp-json\/wp\/v2\/media\/30"}],"wp:attachment":[{"href":"https:\/\/trekkingeninde.com\/old\/wp-json\/wp\/v2\/media?parent=10"}],"curies":[{"name":"wp","href":"https:\/\/api.w.org\/{rel}","templated":true}]}}