{"id":894,"date":"2025-07-06T08:35:07","date_gmt":"2025-07-06T08:35:07","guid":{"rendered":"https:\/\/websitedesigninahmedabd.in\/trekkingenindeold\/?page_id=894"},"modified":"2025-07-28T12:00:38","modified_gmt":"2025-07-28T12:00:38","slug":"visiter-le-sikkim-details-du-programme","status":"publish","type":"page","link":"https:\/\/trekkingeninde.com\/newsite\/visiter-le-sikkim-details-du-programme\/","title":{"rendered":"Visiter le Sikkim : Nature, Culture et Aventures en Himalaya"},"content":{"rendered":"\n<div class=\"wp-block-columns is-layout-flex wp-container-core-columns-is-layout-9d6595d7 wp-block-columns-is-layout-flex\">\n<div class=\"wp-block-column is-layout-flow wp-block-column-is-layout-flow\">\n<p>Si vous r\u00eavez de savourer la beaut\u00e9 naturelle, l&#8217;incroyable richesse culturelle et les aventures rafra\u00eechissantes de cet \u00c9tat himalayen de l&#8217;Inde, alors visiter le Sikkim s&#8217;impose. Avant de vous lancer, il est essentiel de bien conna\u00eetre le Sikkim, sa population et sa culture, les meilleures p\u00e9riodes pour le visiter, les sites incontournables et les aspects pratiques pour faire de votre s\u00e9jour une r\u00e9ussite inoubliable.<\/p>\n\n\n\n<p>Le Sikkim, \u00c9tat indien, est situ\u00e9 au nord-est du pays, dans l&#8217;Himalaya oriental. C&#8217;est l&#8217;un des plus petits \u00c9tats indiens. Il est bord\u00e9 par la r\u00e9gion autonome du Tibet (Chine) au nord et au nord-est, par le Bhoutan au sud-est, par l&#8217;\u00c9tat indien du Bengale-Occidental au sud et par le N\u00e9pal \u00e0 l&#8217;ouest. Sa capitale est Gangtok, au sud-est de l&#8217;\u00c9tat.<\/p>\n\n\n\n<p>Situ\u00e9 dans l&#8217;Himalaya oriental, le Sikkim est remarquable pour sa biodiversit\u00e9, notamment ses climats alpin et subtropical, et abrite le Kangchenjunga, le plus haut sommet d&#8217;Inde et le troisi\u00e8me plus haut du monde. Gangtok est la capitale et la plus grande ville du Sikkim. Pr\u00e8s de 35 % de son territoire est couvert par le parc national du Khangchendzonga.<\/p>\n\n\n\n<p>Entit\u00e9 politique souveraine de longue date, le Sikkim est devenu un protectorat de l&#8217;Inde en 1950 et un \u00c9tat indien en 1975. Malgr\u00e9 sa petite taille, le Sikkim rev\u00eat une importance politique et strat\u00e9gique majeure pour l&#8217;Inde en raison de sa situation g\u00e9ographique \u00e0 proximit\u00e9 de plusieurs fronti\u00e8res internationales. Superficie&nbsp;: 7&nbsp;096&nbsp;km\u00b2. Population&nbsp;: estim\u00e9 703&nbsp;890&nbsp;habitants (2025).<\/p>\n<\/div>\n\n\n\n<div class=\"wp-block-column is-layout-flow wp-block-column-is-layout-flow\"><\/div>\n<\/div>\n\n\n\n\n\n\n\n<div class=\"wp-block-cover\"><img fetchpriority=\"high\" decoding=\"async\" width=\"1024\" height=\"683\" class=\"wp-block-cover__image-background wp-image-853\" alt=\"Goecha La pass - Voyage au Sikkim\" src=\"https:\/\/websitedesigninahmedabd.in\/trekkingenindeold\/wp-content\/uploads\/2025\/06\/Goechala4.jpg\" data-object-fit=\"cover\"\/><span aria-hidden=\"true\" class=\"wp-block-cover__background has-black-background-color has-background-dim\"><\/span><div class=\"wp-block-cover__inner-container is-layout-constrained wp-block-cover-is-layout-constrained\">\n<p class=\"has-text-align-center has-large-font-size\"><\/p>\n\n\n\n<div class=\"wp-block-columns is-layout-flex wp-container-core-columns-is-layout-9d6595d7 wp-block-columns-is-layout-flex\">\n<div class=\"wp-block-column is-layout-flow wp-block-column-is-layout-flow\"><div class=\"wp-block-image\">\n<figure class=\"aligncenter size-full is-resized\"><img decoding=\"async\" width=\"30\" height=\"30\" src=\"https:\/\/trekkingeninde.com\/newsite\/wp-content\/uploads\/2025\/07\/map-1.png\" alt=\"\" class=\"wp-image-6992\" style=\"width:48px\"\/><\/figure>\n<\/div>\n\n\n<p class=\"has-text-align-center has-white-color has-text-color has-link-color wp-elements-9220a5c46d39098dc2326b3b37e34518\">Choisissez parmi<br><strong>4 Programmes<\/strong><\/p>\n<\/div>\n\n\n\n<div class=\"wp-block-column is-layout-flow wp-block-column-is-layout-flow\"><div class=\"wp-block-image\">\n<figure class=\"aligncenter size-full is-resized\"><img decoding=\"async\" width=\"640\" height=\"640\" src=\"https:\/\/trekkingeninde.com\/newsite\/wp-content\/uploads\/2025\/07\/mountain-1.png\" alt=\"\" class=\"wp-image-6991\" style=\"width:48px\" srcset=\"https:\/\/trekkingeninde.com\/newsite\/wp-content\/uploads\/2025\/07\/mountain-1.png 640w, https:\/\/trekkingeninde.com\/newsite\/wp-content\/uploads\/2025\/07\/mountain-1-300x300.png 300w, https:\/\/trekkingeninde.com\/newsite\/wp-content\/uploads\/2025\/07\/mountain-1-150x150.png 150w, https:\/\/trekkingeninde.com\/newsite\/wp-content\/uploads\/2025\/07\/mountain-1-552x552.png 552w\" sizes=\"(max-width: 640px) 100vw, 640px\" \/><\/figure>\n<\/div>\n\n\n<p class=\"has-text-align-center has-white-color has-text-color has-link-color wp-elements-8c857fef3856ff6bb8c832748aa6f296\">Point culminant<br><strong>5 210 m<\/strong><\/p>\n<\/div>\n\n\n\n<div class=\"wp-block-column is-layout-flow wp-block-column-is-layout-flow\"><div class=\"wp-block-image\">\n<figure class=\"aligncenter size-full is-resized\"><img loading=\"lazy\" decoding=\"async\" width=\"762\" height=\"762\" src=\"https:\/\/trekkingeninde.com\/newsite\/wp-content\/uploads\/2025\/07\/calendar-1.png\" alt=\"\" class=\"wp-image-6990\" style=\"width:48px\" srcset=\"https:\/\/trekkingeninde.com\/newsite\/wp-content\/uploads\/2025\/07\/calendar-1.png 762w, https:\/\/trekkingeninde.com\/newsite\/wp-content\/uploads\/2025\/07\/calendar-1-300x300.png 300w, https:\/\/trekkingeninde.com\/newsite\/wp-content\/uploads\/2025\/07\/calendar-1-150x150.png 150w, https:\/\/trekkingeninde.com\/newsite\/wp-content\/uploads\/2025\/07\/calendar-1-552x552.png 552w\" sizes=\"(max-width: 762px) 100vw, 762px\" \/><\/figure>\n<\/div>\n\n\n<p class=\"has-text-align-center has-white-color has-text-color has-link-color wp-elements-e107e48253963dff83fed01f021dc0fa\">programme le plus long<br><strong>12 Jours<\/strong><\/p>\n<\/div>\n<\/div>\n<\/div><\/div>\n\n\n\n<div style=\"height:30px\" aria-hidden=\"true\" class=\"wp-block-spacer\"><\/div>\n\n\n\n\n\n\n\n<h2 class=\"wp-block-heading has-text-align-center\"><strong>PROGRAMME<\/strong><\/h2>\n\n\n\n\n\n<figure class=\"wp-block-gallery has-nested-images columns-default is-cropped wp-block-gallery-1 is-layout-flex wp-block-gallery-is-layout-flex\">\n<figure class=\"wp-block-image size-full\"><a href=\"https:\/\/websitedesigninahmedabd.in\/trekkingenindeold\/wp-content\/uploads\/2025\/06\/Goechala3.jpg\"><img loading=\"lazy\" decoding=\"async\" width=\"1200\" height=\"800\" data-id=\"852\" src=\"https:\/\/websitedesigninahmedabd.in\/trekkingenindeold\/wp-content\/uploads\/2025\/06\/Goechala3.jpg\" alt=\"Goechala3 - Goechala - Voyage au Sikkim\" class=\"wp-image-852\"\/><\/a><\/figure>\n\n\n\n<figure class=\"wp-block-image size-full\"><a href=\"https:\/\/websitedesigninahmedabd.in\/trekkingenindeold\/wp-content\/uploads\/2025\/06\/Goechala1.jpg\"><img loading=\"lazy\" decoding=\"async\" width=\"612\" height=\"389\" data-id=\"850\" src=\"https:\/\/websitedesigninahmedabd.in\/trekkingenindeold\/wp-content\/uploads\/2025\/06\/Goechala1.jpg\" alt=\"Goechala1 - Goechala - Voyage au Sikkim\" class=\"wp-image-850\"\/><\/a><\/figure>\n\n\n\n<figure class=\"wp-block-image size-full\"><a href=\"https:\/\/websitedesigninahmedabd.in\/trekkingenindeold\/wp-content\/uploads\/2025\/06\/Goechala2.jpg\"><img loading=\"lazy\" decoding=\"async\" width=\"612\" height=\"405\" data-id=\"851\" src=\"https:\/\/websitedesigninahmedabd.in\/trekkingenindeold\/wp-content\/uploads\/2025\/06\/Goechala2.jpg\" alt=\"Goechala2 - Goechala - Voyage au Sikkim\" class=\"wp-image-851\"\/><\/a><\/figure>\n\n\n\n<figure class=\"wp-block-image size-full\"><a href=\"https:\/\/websitedesigninahmedabd.in\/trekkingenindeold\/wp-content\/uploads\/2025\/06\/Goechala.jpg\"><img loading=\"lazy\" decoding=\"async\" width=\"612\" height=\"389\" data-id=\"847\" src=\"https:\/\/websitedesigninahmedabd.in\/trekkingenindeold\/wp-content\/uploads\/2025\/06\/Goechala.jpg\" alt=\"Goechala pass - Goechala - Voyage au Sikkim\" class=\"wp-image-847\"\/><\/a><\/figure>\n\n\n\n<figure class=\"wp-block-image size-full\"><a href=\"https:\/\/websitedesigninahmedabd.in\/trekkingenindeold\/wp-content\/uploads\/2025\/06\/Goechala5.jpg\"><img loading=\"lazy\" decoding=\"async\" width=\"612\" height=\"405\" data-id=\"854\" src=\"https:\/\/websitedesigninahmedabd.in\/trekkingenindeold\/wp-content\/uploads\/2025\/06\/Goechala5.jpg\" alt=\"Goechala5 - Voyage au Sikkim\" class=\"wp-image-854\"\/><\/a><\/figure>\n\n\n\n<figure class=\"wp-block-image size-full\"><a href=\"https:\/\/websitedesigninahmedabd.in\/trekkingenindeold\/wp-content\/uploads\/2025\/05\/Sikkim-tourism.jpg\"><img loading=\"lazy\" decoding=\"async\" width=\"1920\" height=\"1080\" data-id=\"616\" src=\"https:\/\/websitedesigninahmedabd.in\/trekkingenindeold\/wp-content\/uploads\/2025\/05\/Sikkim-tourism.jpg\" alt=\"Sikkim tourism Sikkim - Voyage au Sikkim\" class=\"wp-image-616\"\/><\/a><\/figure>\n\n\n\n<figure class=\"wp-block-image size-full\"><a href=\"https:\/\/websitedesigninahmedabd.in\/trekkingenindeold\/wp-content\/uploads\/2025\/06\/Goechala7.jpg\"><img loading=\"lazy\" decoding=\"async\" width=\"1200\" height=\"900\" data-id=\"856\" src=\"https:\/\/websitedesigninahmedabd.in\/trekkingenindeold\/wp-content\/uploads\/2025\/06\/Goechala7.jpg\" alt=\"Goechala7 - Voyage au Sikkim\" class=\"wp-image-856\"\/><\/a><\/figure>\n\n\n\n<figure class=\"wp-block-image size-large\"><a href=\"https:\/\/websitedesigninahmedabd.in\/trekkingenindeold\/wp-content\/uploads\/2025\/06\/Goechala8.jpg\"><img decoding=\"async\" data-id=\"857\" src=\"https:\/\/websitedesigninahmedabd.in\/trekkingenindeold\/wp-content\/uploads\/2025\/06\/Goechala8-1024x410.jpg\" alt=\"Goechala8 - Voyage au Sikkim\" class=\"wp-image-857\"\/><\/a><\/figure>\n\n\n\n<figure class=\"wp-block-image size-full\"><a href=\"https:\/\/websitedesigninahmedabd.in\/trekkingenindeold\/wp-content\/uploads\/2025\/06\/Goechala9.jpg\"><img loading=\"lazy\" decoding=\"async\" width=\"2312\" height=\"1040\" data-id=\"858\" src=\"https:\/\/websitedesigninahmedabd.in\/trekkingenindeold\/wp-content\/uploads\/2025\/06\/Goechala9.jpg\" alt=\"Goechala9 - Voyage au Sikkim\" class=\"wp-image-858\"\/><\/a><\/figure>\n\n\n\n<figure class=\"wp-block-image size-full\"><a href=\"https:\/\/websitedesigninahmedabd.in\/trekkingenindeold\/wp-content\/uploads\/2025\/06\/Geochala.jpg\"><img loading=\"lazy\" decoding=\"async\" width=\"612\" height=\"406\" data-id=\"848\" src=\"https:\/\/websitedesigninahmedabd.in\/trekkingenindeold\/wp-content\/uploads\/2025\/06\/Geochala.jpg\" alt=\"Geochala - Voyage au Sikkim\" class=\"wp-image-848\"\/><\/a><\/figure>\n\n\n\n<figure class=\"wp-block-image size-full\"><a href=\"https:\/\/websitedesigninahmedabd.in\/trekkingenindeold\/wp-content\/uploads\/2025\/06\/Pelling-1.jpg\"><img loading=\"lazy\" decoding=\"async\" width=\"699\" height=\"467\" data-id=\"663\" src=\"https:\/\/websitedesigninahmedabd.in\/trekkingenindeold\/wp-content\/uploads\/2025\/06\/Pelling-1.jpg\" alt=\"Pelling - Voyage au Sikkim\" class=\"wp-image-663\"\/><\/a><\/figure>\n\n\n\n<figure class=\"wp-block-image size-full\"><a href=\"https:\/\/websitedesigninahmedabd.in\/trekkingenindeold\/wp-content\/uploads\/2025\/06\/Tsomgo-Lake.jpg\"><img loading=\"lazy\" decoding=\"async\" width=\"750\" height=\"450\" data-id=\"647\" src=\"https:\/\/websitedesigninahmedabd.in\/trekkingenindeold\/wp-content\/uploads\/2025\/06\/Tsomgo-Lake.jpg\" alt=\"Tsomgo Lake - Voyage au Sikkim\" class=\"wp-image-647\"\/><\/a><\/figure>\n\n\n\n<figure class=\"wp-block-image size-full\"><a href=\"https:\/\/websitedesigninahmedabd.in\/trekkingenindeold\/wp-content\/uploads\/2025\/06\/Nathula-Pass1.jpg\"><img loading=\"lazy\" decoding=\"async\" width=\"612\" height=\"408\" data-id=\"651\" src=\"https:\/\/websitedesigninahmedabd.in\/trekkingenindeold\/wp-content\/uploads\/2025\/06\/Nathula-Pass1.jpg\" alt=\"Nathula Pass1 - Voyage au Sikkim\" class=\"wp-image-651\"\/><\/a><\/figure>\n\n\n\n<figure class=\"wp-block-image size-large\"><a href=\"https:\/\/websitedesigninahmedabd.in\/trekkingenindeold\/wp-content\/uploads\/2025\/05\/Sikkim-tourism3.jpg\"><img decoding=\"async\" data-id=\"619\" src=\"https:\/\/websitedesigninahmedabd.in\/trekkingenindeold\/wp-content\/uploads\/2025\/05\/Sikkim-tourism3-1024x666.jpg\" alt=\"Sikkim tourism3 - Voyage au Sikkim\" class=\"wp-image-619\"\/><\/a><\/figure>\n\n\n\n<figure class=\"wp-block-image size-large\"><a href=\"https:\/\/websitedesigninahmedabd.in\/trekkingenindeold\/wp-content\/uploads\/2025\/05\/Sikkim-tourism1.jpg\"><img decoding=\"async\" data-id=\"617\" src=\"https:\/\/websitedesigninahmedabd.in\/trekkingenindeold\/wp-content\/uploads\/2025\/05\/Sikkim-tourism1-1024x512.jpg\" alt=\"Sikkim tourism1 - Voyage au Sikkim\" class=\"wp-image-617\"\/><\/a><\/figure>\n<\/figure>\n\n\n\n<p><br><strong>Lisez aussi : <\/strong><a href=\"https:\/\/websitedesigninahmedabd.in\/trekkingenindeold\/randonnee-de-goechala-au-sikkim\/\">Randonn\u00e9e de Goechala au Sikkim<\/a><\/p>\n","protected":false},"excerpt":{"rendered":"<p>Si vous r\u00eavez de savourer la beaut\u00e9 naturelle, l&#8217;incroyable richesse culturelle et les aventures rafra\u00eechissantes de cet \u00c9tat himalayen de l&#8217;Inde, alors visiter le Sikkim s&#8217;impose. Avant de vous lancer, il est essentiel de bien conna\u00eetre le Sikkim, sa population et sa culture, les meilleures p\u00e9riodes pour le visiter, les sites incontournables et les aspects [&hellip;]<\/p>\n","protected":false},"author":1,"featured_media":853,"parent":0,"menu_order":0,"comment_status":"closed","ping_status":"closed","template":"","meta":{"footnotes":""},"class_list":["post-894","page","type-page","status-publish","has-post-thumbnail","hentry"],"_links":{"self":[{"href":"https:\/\/trekkingeninde.com\/newsite\/wp-json\/wp\/v2\/pages\/894","targetHints":{"allow":["GET"]}}],"collection":[{"href":"https:\/\/trekkingeninde.com\/newsite\/wp-json\/wp\/v2\/pages"}],"about":[{"href":"https:\/\/trekkingeninde.com\/newsite\/wp-json\/wp\/v2\/types\/page"}],"author":[{"embeddable":true,"href":"https:\/\/trekkingeninde.com\/newsite\/wp-json\/wp\/v2\/users\/1"}],"replies":[{"embeddable":true,"href":"https:\/\/trekkingeninde.com\/newsite\/wp-json\/wp\/v2\/comments?post=894"}],"version-history":[{"count":2,"href":"https:\/\/trekkingeninde.com\/newsite\/wp-json\/wp\/v2\/pages\/894\/revisions"}],"predecessor-version":[{"id":6999,"href":"https:\/\/trekkingeninde.com\/newsite\/wp-json\/wp\/v2\/pages\/894\/revisions\/6999"}],"wp:featuredmedia":[{"embeddable":true,"href":"https:\/\/trekkingeninde.com\/newsite\/wp-json\/wp\/v2\/media\/853"}],"wp:attachment":[{"href":"https:\/\/trekkingeninde.com\/newsite\/wp-json\/wp\/v2\/media?parent=894"}],"curies":[{"name":"wp","href":"https:\/\/api.w.org\/{rel}","templated":true}]}}