{"id":827,"date":"2025-06-15T06:08:48","date_gmt":"2025-06-15T06:08:48","guid":{"rendered":"https:\/\/websitedesigninahmedabd.in\/trekkingenindeold\/?page_id=827"},"modified":"2025-07-28T11:58:48","modified_gmt":"2025-07-28T11:58:48","slug":"himachal-pradesh-program","status":"publish","type":"page","link":"https:\/\/trekkingeninde.com\/newsite\/himachal-pradesh-program\/","title":{"rendered":"Himachal Pradesh"},"content":{"rendered":"\n<div class=\"wp-block-columns is-layout-flex wp-container-core-columns-is-layout-9d6595d7 wp-block-columns-is-layout-flex\">\n<div class=\"wp-block-column is-layout-flow wp-block-column-is-layout-flow\">\n<p>La grandeur de l&#8217;Himalaya a inspir\u00e9 Rudyard Kipling \u00e0 dire : &#8220;Les dieux vivent certainement ici; Ce n&#8217;est pas un endroit pour les humains&#8221;. L&#8217;Himachal Pradesh est c\u00e9l\u00e8bre pour la diversit\u00e9 de ses paysages. Il y a des for\u00eats, des lacs glaciaires, des sommets enneig\u00e9s, des plaines et des glaciers enneig\u00e9s. Les villages d&#8217;Himachal sont dispers\u00e9s sur les rochers et constituent un point culminant de votre trekking. Le trekking peut faire dans l&#8217;Himachal Pradesh de mars \u00e0 septembre. Le co\u00fbt du trekking dans l\u2019Himachal Pradesh n\u2019est pas tr\u00e8s \u00e9lev\u00e9. Ceux qui en veulent plus peuvent emprunter les nombreux sentiers menant aux cascades, aux vall\u00e9es et aux sommets encore plus \u00e9lev\u00e9s.<\/p>\n<\/div>\n\n\n\n<div class=\"wp-block-column is-layout-flow wp-block-column-is-layout-flow\"><\/div>\n<\/div>\n\n\n\n<div class=\"wp-block-cover\"><img fetchpriority=\"high\" decoding=\"async\" width=\"873\" height=\"487\" class=\"wp-block-cover__image-background wp-image-779\" alt=\"Rampur Himachal Pradesh\" src=\"https:\/\/websitedesigninahmedabd.in\/trekkingenindeold\/wp-content\/uploads\/2025\/06\/Rampur-Bhusar.jpg\" data-object-fit=\"cover\"\/><span aria-hidden=\"true\" class=\"wp-block-cover__background has-black-background-color has-background-dim\"><\/span><div class=\"wp-block-cover__inner-container is-layout-constrained wp-block-cover-is-layout-constrained\">\n<p class=\"has-text-align-center has-large-font-size\"><\/p>\n\n\n\n<div class=\"wp-block-columns is-layout-flex wp-container-core-columns-is-layout-9d6595d7 wp-block-columns-is-layout-flex\">\n<div class=\"wp-block-column is-layout-flow wp-block-column-is-layout-flow\"><div class=\"wp-block-image\">\n<figure class=\"aligncenter size-full is-resized\"><img decoding=\"async\" width=\"30\" height=\"30\" src=\"https:\/\/trekkingeninde.com\/newsite\/wp-content\/uploads\/2025\/07\/map-1.png\" alt=\"\" class=\"wp-image-6992\" style=\"width:48px\"\/><\/figure>\n<\/div>\n\n\n<p class=\"has-text-align-center has-white-color has-text-color has-link-color wp-elements-32d1dcbb80d99b3abe2800233b7a8955\">Choisissez parmi<br><strong>6 Programmes<\/strong><\/p>\n<\/div>\n\n\n\n<div class=\"wp-block-column is-layout-flow wp-block-column-is-layout-flow\"><div class=\"wp-block-image\">\n<figure class=\"aligncenter size-full is-resized\"><img decoding=\"async\" width=\"640\" height=\"640\" src=\"https:\/\/trekkingeninde.com\/newsite\/wp-content\/uploads\/2025\/07\/mountain-1.png\" alt=\"\" class=\"wp-image-6991\" style=\"width:48px\" srcset=\"https:\/\/trekkingeninde.com\/newsite\/wp-content\/uploads\/2025\/07\/mountain-1.png 640w, https:\/\/trekkingeninde.com\/newsite\/wp-content\/uploads\/2025\/07\/mountain-1-300x300.png 300w, https:\/\/trekkingeninde.com\/newsite\/wp-content\/uploads\/2025\/07\/mountain-1-150x150.png 150w, https:\/\/trekkingeninde.com\/newsite\/wp-content\/uploads\/2025\/07\/mountain-1-552x552.png 552w\" sizes=\"(max-width: 640px) 100vw, 640px\" \/><\/figure>\n<\/div>\n\n\n<p class=\"has-text-align-center has-white-color has-text-color has-link-color wp-elements-c860e6750d3177345575ea9cf24c434c\">Point culminant<br><strong>5 300 m<\/strong><\/p>\n<\/div>\n\n\n\n<div class=\"wp-block-column is-layout-flow wp-block-column-is-layout-flow\"><div class=\"wp-block-image\">\n<figure class=\"aligncenter size-full is-resized\"><img loading=\"lazy\" decoding=\"async\" width=\"762\" height=\"762\" src=\"https:\/\/trekkingeninde.com\/newsite\/wp-content\/uploads\/2025\/07\/calendar-1.png\" alt=\"\" class=\"wp-image-6990\" style=\"width:48px\" srcset=\"https:\/\/trekkingeninde.com\/newsite\/wp-content\/uploads\/2025\/07\/calendar-1.png 762w, https:\/\/trekkingeninde.com\/newsite\/wp-content\/uploads\/2025\/07\/calendar-1-300x300.png 300w, https:\/\/trekkingeninde.com\/newsite\/wp-content\/uploads\/2025\/07\/calendar-1-150x150.png 150w, https:\/\/trekkingeninde.com\/newsite\/wp-content\/uploads\/2025\/07\/calendar-1-552x552.png 552w\" sizes=\"(max-width: 762px) 100vw, 762px\" \/><\/figure>\n<\/div>\n\n\n<p class=\"has-text-align-center has-white-color has-text-color has-link-color wp-elements-813d8d901738ccc8ca2ad65471e8844c\">programme le plus long<br><strong>18 Jours<\/strong><\/p>\n<\/div>\n<\/div>\n<\/div><\/div>\n\n\n\n<div style=\"height:30px\" aria-hidden=\"true\" class=\"wp-block-spacer\"><\/div>\n\n\n\n<h2 class=\"wp-block-heading has-text-align-center\"><strong>PROGRAMME<\/strong><\/h2>\n\n\n\n\n\n<figure class=\"wp-block-gallery has-nested-images columns-default is-cropped wp-block-gallery-1 is-layout-flex wp-block-gallery-is-layout-flex\">\n<figure class=\"wp-block-image size-large\"><a href=\"https:\/\/websitedesigninahmedabd.in\/trekkingenindeold\/wp-content\/uploads\/2025\/06\/Khajjihar1.jpg\"><img decoding=\"async\" data-id=\"769\" src=\"https:\/\/websitedesigninahmedabd.in\/trekkingenindeold\/wp-content\/uploads\/2025\/06\/Khajjihar1-1024x683.jpg\" alt=\"Khajjiar - Town in Himachal Pradesh\" class=\"wp-image-769\"\/><\/a><\/figure>\n\n\n\n<figure class=\"wp-block-image size-large\"><a href=\"https:\/\/websitedesigninahmedabd.in\/trekkingenindeold\/wp-content\/uploads\/2025\/06\/McLeodganj.jpg\"><img decoding=\"async\" data-id=\"770\" src=\"https:\/\/websitedesigninahmedabd.in\/trekkingenindeold\/wp-content\/uploads\/2025\/06\/McLeodganj-1024x464.jpg\" alt=\"McLeodganj - Kangra district of Himachal Pradesh\" class=\"wp-image-770\"\/><\/a><\/figure>\n\n\n\n<figure class=\"wp-block-image size-full\"><a href=\"https:\/\/websitedesigninahmedabd.in\/trekkingenindeold\/wp-content\/uploads\/2025\/06\/Khajjihar.jpg\"><img loading=\"lazy\" decoding=\"async\" width=\"960\" height=\"720\" data-id=\"771\" src=\"https:\/\/websitedesigninahmedabd.in\/trekkingenindeold\/wp-content\/uploads\/2025\/06\/Khajjihar.jpg\" alt=\"voyage de l'Himachal - Himachal Pradesh\" class=\"wp-image-771\"\/><\/a><\/figure>\n\n\n\n<figure class=\"wp-block-image size-large\"><a href=\"https:\/\/websitedesigninahmedabd.in\/trekkingenindeold\/wp-content\/uploads\/2025\/06\/McLeodganj-1.jpg\"><img decoding=\"async\" data-id=\"776\" src=\"https:\/\/websitedesigninahmedabd.in\/trekkingenindeold\/wp-content\/uploads\/2025\/06\/McLeodganj-1-1024x512.jpg\" alt=\"McLeodganj - Kangra district, Himachal Pradesh\" class=\"wp-image-776\"\/><\/a><\/figure>\n\n\n\n<figure class=\"wp-block-image size-large\"><a href=\"https:\/\/websitedesigninahmedabd.in\/trekkingenindeold\/wp-content\/uploads\/2025\/06\/Kullu-Valley.jpg\"><img decoding=\"async\" data-id=\"777\" src=\"https:\/\/websitedesigninahmedabd.in\/trekkingenindeold\/wp-content\/uploads\/2025\/06\/Kullu-Valley-1024x576.jpg\" alt=\"Kullu Valley - Himachal Pradesh\" class=\"wp-image-777\"\/><\/a><\/figure>\n\n\n\n<figure class=\"wp-block-image size-large\"><a href=\"https:\/\/websitedesigninahmedabd.in\/trekkingenindeold\/wp-content\/uploads\/2025\/06\/Kullu-Valley1.jpg\"><img decoding=\"async\" data-id=\"778\" src=\"https:\/\/websitedesigninahmedabd.in\/trekkingenindeold\/wp-content\/uploads\/2025\/06\/Kullu-Valley1-1024x768.jpg\" alt=\"Kullu Valley1 - Kullu Valley - Himachal Pradesh\" class=\"wp-image-778\"\/><\/a><\/figure>\n\n\n\n<figure class=\"wp-block-image size-full\"><a href=\"https:\/\/websitedesigninahmedabd.in\/trekkingenindeold\/wp-content\/uploads\/2025\/06\/Rampur-Bhusar.jpg\"><img loading=\"lazy\" decoding=\"async\" width=\"873\" height=\"487\" data-id=\"779\" src=\"https:\/\/websitedesigninahmedabd.in\/trekkingenindeold\/wp-content\/uploads\/2025\/06\/Rampur-Bhusar.jpg\" alt=\"Rampur Himachal Pradesh\" class=\"wp-image-779\"\/><\/a><figcaption class=\"wp-element-caption\">Rampur Himachal <\/figcaption><\/figure>\n\n\n\n<figure class=\"wp-block-image size-large\"><a href=\"https:\/\/websitedesigninahmedabd.in\/trekkingenindeold\/wp-content\/uploads\/2025\/06\/Chamba-HP.jpg\"><img decoding=\"async\" data-id=\"785\" src=\"https:\/\/websitedesigninahmedabd.in\/trekkingenindeold\/wp-content\/uploads\/2025\/06\/Chamba-HP-1024x576.jpg\" alt=\"Chamba - Town in Himachal Pradesh\" class=\"wp-image-785\"\/><\/a><\/figure>\n\n\n\n<figure class=\"wp-block-image size-full\"><a href=\"https:\/\/websitedesigninahmedabd.in\/trekkingenindeold\/wp-content\/uploads\/2025\/06\/Shimla.jpg\"><img loading=\"lazy\" decoding=\"async\" width=\"720\" height=\"480\" data-id=\"786\" src=\"https:\/\/websitedesigninahmedabd.in\/trekkingenindeold\/wp-content\/uploads\/2025\/06\/Shimla.jpg\" alt=\"Shimla - City in Himachal Pradesh\" class=\"wp-image-786\"\/><\/a><\/figure>\n\n\n\n<figure class=\"wp-block-image size-full\"><a href=\"https:\/\/websitedesigninahmedabd.in\/trekkingenindeold\/wp-content\/uploads\/2025\/06\/seul.jpg\"><img loading=\"lazy\" decoding=\"async\" width=\"800\" height=\"533\" data-id=\"787\" src=\"https:\/\/websitedesigninahmedabd.in\/trekkingenindeold\/wp-content\/uploads\/2025\/06\/seul.jpg\" alt=\"seul - a village in the Kangra district of Himachal Pradesh\" class=\"wp-image-787\"\/><\/a><\/figure>\n\n\n\n<figure class=\"wp-block-image size-full\"><a href=\"https:\/\/websitedesigninahmedabd.in\/trekkingenindeold\/wp-content\/uploads\/2025\/06\/lahaul-Valley.jpg\"><img loading=\"lazy\" decoding=\"async\" width=\"1024\" height=\"678\" data-id=\"788\" src=\"https:\/\/websitedesigninahmedabd.in\/trekkingenindeold\/wp-content\/uploads\/2025\/06\/lahaul-Valley.jpg\" alt=\"lahaul Valley - District in Himachal Pradesh\" class=\"wp-image-788\"\/><\/a><\/figure>\n\n\n\n<figure class=\"wp-block-image size-full\"><a href=\"https:\/\/websitedesigninahmedabd.in\/trekkingenindeold\/wp-content\/uploads\/2025\/06\/Baijnath-HP.jpg\"><img loading=\"lazy\" decoding=\"async\" width=\"800\" height=\"536\" data-id=\"790\" src=\"https:\/\/websitedesigninahmedabd.in\/trekkingenindeold\/wp-content\/uploads\/2025\/06\/Baijnath-HP.jpg\" alt=\"Baijnath - Himachal Pradesh\" class=\"wp-image-790\"\/><\/a><\/figure>\n\n\n\n<figure class=\"wp-block-image size-full\"><a href=\"https:\/\/websitedesigninahmedabd.in\/trekkingenindeold\/wp-content\/uploads\/2025\/06\/Baijnath-HP1.jpg\"><img loading=\"lazy\" decoding=\"async\" width=\"1024\" height=\"681\" data-id=\"791\" src=\"https:\/\/websitedesigninahmedabd.in\/trekkingenindeold\/wp-content\/uploads\/2025\/06\/Baijnath-HP1.jpg\" alt=\"Baijnath Temple - Himachal Pradesh\" class=\"wp-image-791\"\/><\/a><\/figure>\n\n\n\n<figure class=\"wp-block-image size-large\"><a href=\"https:\/\/websitedesigninahmedabd.in\/trekkingenindeold\/wp-content\/uploads\/2025\/06\/River-rafting-Manali.jpg\"><img decoding=\"async\" data-id=\"795\" src=\"https:\/\/websitedesigninahmedabd.in\/trekkingenindeold\/wp-content\/uploads\/2025\/06\/River-rafting-Manali-1024x640.jpg\" alt=\"River rafting Manali - Himachal Pradesh\" class=\"wp-image-795\"\/><\/a><\/figure>\n\n\n\n<figure class=\"wp-block-image size-large\"><a href=\"https:\/\/websitedesigninahmedabd.in\/trekkingenindeold\/wp-content\/uploads\/2025\/06\/Cycling-HP.jpg\"><img decoding=\"async\" data-id=\"797\" src=\"https:\/\/websitedesigninahmedabd.in\/trekkingenindeold\/wp-content\/uploads\/2025\/06\/Cycling-HP-1024x830.jpg\" alt=\"Cycling in Himachal Pradesh\" class=\"wp-image-797\"\/><\/a><figcaption class=\"wp-element-caption\">D\u00e9couvrir Nubra au Ladakh \u2013 Vall\u00e9e, Monast\u00e8res &amp; Aventures<\/figcaption><\/figure>\n\n\n\n<figure class=\"wp-block-image size-full\"><a href=\"https:\/\/websitedesigninahmedabd.in\/trekkingenindeold\/wp-content\/uploads\/2025\/06\/Yoga6.jpg\"><img loading=\"lazy\" decoding=\"async\" width=\"720\" height=\"445\" data-id=\"801\" src=\"https:\/\/websitedesigninahmedabd.in\/trekkingenindeold\/wp-content\/uploads\/2025\/06\/Yoga6.jpg\" alt=\"Yoga in Himachal Pradesh\" class=\"wp-image-801\"\/><\/a><\/figure>\n\n\n\n<figure class=\"wp-block-image size-full\"><a href=\"https:\/\/websitedesigninahmedabd.in\/trekkingenindeold\/wp-content\/uploads\/2025\/06\/Kullu-Dashara.jpg\"><img loading=\"lazy\" decoding=\"async\" width=\"1024\" height=\"410\" data-id=\"809\" src=\"https:\/\/websitedesigninahmedabd.in\/trekkingenindeold\/wp-content\/uploads\/2025\/06\/Kullu-Dashara.jpg\" alt=\"Kullu Dashara - festival celebrated in Kullu, Himachal Pradesh\" class=\"wp-image-809\"\/><\/a><\/figure>\n\n\n\n<figure class=\"wp-block-image size-full\"><a href=\"https:\/\/websitedesigninahmedabd.in\/trekkingenindeold\/wp-content\/uploads\/2025\/06\/Baishakhi.jpg\"><img loading=\"lazy\" decoding=\"async\" width=\"770\" height=\"431\" data-id=\"814\" src=\"https:\/\/websitedesigninahmedabd.in\/trekkingenindeold\/wp-content\/uploads\/2025\/06\/Baishakhi.jpg\" alt=\"Baishakhi in Himachal Pradesh\" class=\"wp-image-814\"\/><\/a><figcaption class=\"wp-element-caption\"><br>Voyage au Ladakh \u2013 \u00c0 la d\u00e9couverte de la vall\u00e9e de l&#8217;Indus<\/figcaption><\/figure>\n<\/figure>\n\n\n\n<p><\/p>\n\n\n\n<p><a href=\"https:\/\/websitedesigninahmedabd.in\/trekkingenindeold\/contactez-nous\/\">Contactez-nous<\/a>&nbsp;pour plus de d\u00e9tails et pour toute demande concernant nos forfaits.<\/p>\n","protected":false},"excerpt":{"rendered":"<p>La grandeur de l&#8217;Himalaya a inspir\u00e9 Rudyard Kipling \u00e0 dire : &#8220;Les dieux vivent certainement ici; Ce n&#8217;est pas un endroit pour les humains&#8221;. L&#8217;Himachal Pradesh est c\u00e9l\u00e8bre pour la diversit\u00e9 de ses paysages. Il y a des for\u00eats, des lacs glaciaires, des sommets enneig\u00e9s, des plaines et des glaciers enneig\u00e9s. Les villages d&#8217;Himachal sont [&hellip;]<\/p>\n","protected":false},"author":1,"featured_media":779,"parent":0,"menu_order":0,"comment_status":"closed","ping_status":"closed","template":"","meta":{"footnotes":""},"class_list":["post-827","page","type-page","status-publish","has-post-thumbnail","hentry"],"_links":{"self":[{"href":"https:\/\/trekkingeninde.com\/newsite\/wp-json\/wp\/v2\/pages\/827","targetHints":{"allow":["GET"]}}],"collection":[{"href":"https:\/\/trekkingeninde.com\/newsite\/wp-json\/wp\/v2\/pages"}],"about":[{"href":"https:\/\/trekkingeninde.com\/newsite\/wp-json\/wp\/v2\/types\/page"}],"author":[{"embeddable":true,"href":"https:\/\/trekkingeninde.com\/newsite\/wp-json\/wp\/v2\/users\/1"}],"replies":[{"embeddable":true,"href":"https:\/\/trekkingeninde.com\/newsite\/wp-json\/wp\/v2\/comments?post=827"}],"version-history":[{"count":2,"href":"https:\/\/trekkingeninde.com\/newsite\/wp-json\/wp\/v2\/pages\/827\/revisions"}],"predecessor-version":[{"id":6997,"href":"https:\/\/trekkingeninde.com\/newsite\/wp-json\/wp\/v2\/pages\/827\/revisions\/6997"}],"wp:featuredmedia":[{"embeddable":true,"href":"https:\/\/trekkingeninde.com\/newsite\/wp-json\/wp\/v2\/media\/779"}],"wp:attachment":[{"href":"https:\/\/trekkingeninde.com\/newsite\/wp-json\/wp\/v2\/media?parent=827"}],"curies":[{"name":"wp","href":"https:\/\/api.w.org\/{rel}","templated":true}]}}