{"id":32,"date":"2024-09-29T10:05:45","date_gmt":"2024-09-29T10:05:45","guid":{"rendered":"https:\/\/websitedesigninahmedabd.in\/trekkingenindeold\/?page_id=32"},"modified":"2025-07-28T04:26:40","modified_gmt":"2025-07-28T04:26:40","slug":"nos-circuits","status":"publish","type":"page","link":"https:\/\/trekkingeninde.com\/newsite\/nos-circuits\/","title":{"rendered":"Nos Circuits"},"content":{"rendered":"\n<div class=\"wp-block-media-text is-stacked-on-mobile\"><figure class=\"wp-block-media-text__media\"><img decoding=\"async\" src=\"https:\/\/websitedesigninahmedabd.in\/trekkingenindeold\/wp-content\/uploads\/2024\/09\/leh-ladakh-india-people-culture-1024x576.jpg\" alt=\"Leh Ladakh India People Culture\" class=\"wp-image-30 size-full\"\/><\/figure><div class=\"wp-block-media-text__content\">\n<h2 class=\"wp-block-heading\"><a href=\"https:\/\/websitedesigninahmedabd.in\/trekkingenindeold\/chez-les-habitants\/\">Chez les Habitants<\/a><\/h2>\n\n\n\n<p><strong>Saison: De mi-juin \u00e0 mi-septembre<\/strong><br>Le Ladakh, appel\u00e9 &#8220;petit Tibet&#8221; est un ancien royame enserr\u00e9 par les cha\u00eenes du Karakoram et de l&#8217;Himalaya et travers\u00e9 par l&#8217;Indus. <a href=\"https:\/\/websitedesigninahmedabd.in\/trekkingenindeold\/chez-les-habitants\/\" target=\"_blank\" rel=\"noreferrer noopener\">Read more<\/a><\/p>\n<\/div><\/div>\n\n\n\n<div class=\"wp-block-media-text has-media-on-the-right is-stacked-on-mobile\"><div class=\"wp-block-media-text__content\">\n<h2 class=\"wp-block-heading\"><a href=\"https:\/\/websitedesigninahmedabd.in\/trekkingenindeold\/passion-du-zanskar\/\" target=\"_blank\" rel=\"noreferrer noopener\">Passion du Zanskar<\/a><div class=\"post-content\" style=\"box-sizing: inherit; overflow: hidden; line-height: 25px; color: rgb(70, 70, 70); font-family: &quot;Open Sans&quot;; font-size: 15px; font-weight: 400; white-space-collapse: collapse;\"><\/div><\/h2>\n\n\n\n<p><strong>Saison: De mi-juin \u00e0 mi-septembre<\/strong><br>Le Ladakh, appel\u00e9 &#8220;petit Tibet&#8221; est un ancien royame enserr\u00e9 par les cha\u00eenes du Karakoram et de l&#8217;Himalaya et travers\u00e9 par l&#8217;Indus. <a href=\"https:\/\/websitedesigninahmedabd.in\/trekkingenindeold\/passion-du-zanskar\/\" target=\"_blank\" rel=\"noreferrer noopener\">Read more<\/a><\/p>\n<\/div><figure class=\"wp-block-media-text__media\"><img decoding=\"async\" src=\"https:\/\/websitedesigninahmedabd.in\/trekkingenindeold\/wp-content\/uploads\/2025\/03\/trekking-Ladakh-1024x538.png\" alt=\"Vall\u00e9e du Zanskar: Trekking Ladakh\" class=\"wp-image-106 size-full\"\/><\/figure><\/div>\n","protected":false},"excerpt":{"rendered":"<p>Chez les Habitants Saison: De mi-juin \u00e0 mi-septembreLe Ladakh, appel\u00e9 &#8220;petit Tibet&#8221; est un ancien royame enserr\u00e9 par les cha\u00eenes du Karakoram et de l&#8217;Himalaya et travers\u00e9 par l&#8217;Indus. Read more Passion du Zanskar Saison: De mi-juin \u00e0 mi-septembreLe Ladakh, appel\u00e9 &#8220;petit Tibet&#8221; est un ancien royame enserr\u00e9 par les cha\u00eenes du Karakoram et de [&hellip;]<\/p>\n","protected":false},"author":1,"featured_media":0,"parent":0,"menu_order":0,"comment_status":"closed","ping_status":"closed","template":"","meta":{"footnotes":""},"class_list":["post-32","page","type-page","status-publish","hentry"],"_links":{"self":[{"href":"https:\/\/trekkingeninde.com\/newsite\/wp-json\/wp\/v2\/pages\/32","targetHints":{"allow":["GET"]}}],"collection":[{"href":"https:\/\/trekkingeninde.com\/newsite\/wp-json\/wp\/v2\/pages"}],"about":[{"href":"https:\/\/trekkingeninde.com\/newsite\/wp-json\/wp\/v2\/types\/page"}],"author":[{"embeddable":true,"href":"https:\/\/trekkingeninde.com\/newsite\/wp-json\/wp\/v2\/users\/1"}],"replies":[{"embeddable":true,"href":"https:\/\/trekkingeninde.com\/newsite\/wp-json\/wp\/v2\/comments?post=32"}],"version-history":[{"count":1,"href":"https:\/\/trekkingeninde.com\/newsite\/wp-json\/wp\/v2\/pages\/32\/revisions"}],"predecessor-version":[{"id":6716,"href":"https:\/\/trekkingeninde.com\/newsite\/wp-json\/wp\/v2\/pages\/32\/revisions\/6716"}],"wp:attachment":[{"href":"https:\/\/trekkingeninde.com\/newsite\/wp-json\/wp\/v2\/media?parent=32"}],"curies":[{"name":"wp","href":"https:\/\/api.w.org\/{rel}","templated":true}]}}