{"id":22,"date":"2024-09-29T09:29:40","date_gmt":"2024-09-29T09:29:40","guid":{"rendered":"https:\/\/websitedesigninahmedabd.in\/trekkingenindeold\/?page_id=22"},"modified":"2025-07-28T10:16:24","modified_gmt":"2025-07-28T10:16:24","slug":"qui-nous-sommes","status":"publish","type":"page","link":"https:\/\/trekkingeninde.com\/newsite\/qui-nous-sommes\/","title":{"rendered":"Qui Nous Sommes \u2026?"},"content":{"rendered":"\n<p>TrekkingEnInde.com, est une agence sp\u00e9cialement d&#8217;aventure, Randonn\u00e9es P\u00e9destres (trekking), Rafting, Grimp\u00e9 au montanges (Exp\u00e9dition) et Tour de V\u00e9lo. L&#8217;agence francophone bas\u00e9e \u00e0 New Delhi, Ladakh (Leh), Nainital (Valley du Kumaon) et Darjeeling, en Inde. Une \u00e9quipe conviviale, dynamique et professionnele qui met son exp\u00e9rience \u00e0 profit pour vous satisfaire en respectant les coutumes d&#8217;Inde. N\u00f4tre \u00e9quipe parle fran\u00e7ais pour favoriser les \u00e9change. Le but de TrekkingEnInde.com est offrir \u00e0 chacun la plus belle des aventure en Inde du Nord et Inde du Sud.<\/p>\n\n\n\n<div style=\"height:20px\" aria-hidden=\"true\" class=\"wp-block-spacer\"><\/div>\n\n\n\n<div class=\"wp-block-media-text alignwide has-media-on-the-right is-stacked-on-mobile is-vertically-aligned-center has-background\" style=\"background-color:#f1f5c7\"><div class=\"wp-block-media-text__content\">\n<div class=\"wp-block-group\" style=\"padding-top:2em;padding-right:2em;padding-bottom:2em;padding-left:2em\"><div class=\"wp-block-group__inner-container is-layout-flow wp-block-group-is-layout-flow\">\n<p style=\"font-size:36px;line-height:1.2\"><strong>Valley du Kumaon<\/strong><\/p>\n\n\n\n<p class=\"has-extra-small-font-size\">Kumaon Uttarakhand<\/p>\n<\/div><\/div>\n<\/div><figure class=\"wp-block-media-text__media\"><img fetchpriority=\"high\" decoding=\"async\" width=\"960\" height=\"720\" src=\"https:\/\/websitedesigninahmedabd.in\/trekkingenindeold\/wp-content\/uploads\/2025\/05\/Kumaon-Uttarakhand.jpeg\" alt=\"Kumaon Uttarakhand\" class=\"wp-image-314 size-full\"\/><\/figure><\/div>\n\n\n\n<div style=\"height:20px\" aria-hidden=\"true\" class=\"wp-block-spacer\"><\/div>\n\n\n\n<p>TrekkingEnInde.com est l&#8217;agence de pr\u00e9f\u00e9rence en Inde, N\u00e9pal et Bhoutan, sur le th\u00e8me du tourism responsqble et de l&#8217;\u00e9cotourism proposant une s\u00e9lection d&#8217;hotel et de s\u00e9jours \u00e9cologique et solidaires dans l&#8217;Inde, N\u00e9pal et Bhoutan.<\/p>\n\n\n\n<div style=\"height:20px\" aria-hidden=\"true\" class=\"wp-block-spacer\"><\/div>\n\n\n\n<div class=\"wp-block-media-text alignwide is-stacked-on-mobile is-vertically-aligned-center has-background\" style=\"background-color:#fffdea\"><figure class=\"wp-block-media-text__media\"><img decoding=\"async\" width=\"600\" height=\"600\" src=\"https:\/\/websitedesigninahmedabd.in\/trekkingenindeold\/wp-content\/uploads\/2025\/03\/Nubra1.jpg\" alt=\"La vall\u00e9e de Nubra au Ladakh en Inde du Nord\" class=\"wp-image-467 size-full\"\/><\/figure><div class=\"wp-block-media-text__content\">\n<div class=\"wp-block-group\" style=\"padding-top:2em;padding-right:2em;padding-bottom:2em;padding-left:2em\"><div class=\"wp-block-group__inner-container is-layout-flow wp-block-group-is-layout-flow\">\n<p style=\"font-size:36px;line-height:1.2\"><strong>La vall\u00e9e de Nubra<\/strong><\/p>\n\n\n\n<p class=\"has-extra-small-font-size\"><strong>Ladakh<\/strong><\/p>\n<\/div><\/div>\n<\/div><\/div>\n\n\n\n<div style=\"height:20px\" aria-hidden=\"true\" class=\"wp-block-spacer\"><\/div>\n\n\n\n<p>TrekkingEnInde.com est n\u00e9e de professional de l&#8217;aventure, passionn\u00e9e de voyages et d&#8217;exp\u00e9ditions qui ont pass\u00e9 plus de 18 ans, \u00e0 sillonner les montagnes et les chemins du pourtour Himalaya Indien. Pour ceux qui le souhaitent, ils seront une base pour \u00e9laborer un voyage plus personnalis\u00e9 sur mesure. cette gamme de voyages porte une attention particuli\u00e8re sur le choix des intin\u00e9raires, la qalit\u00e9 des h\u00e9bergements de la restauration ainsi que la s\u00e9lection des \u00e9quipes locales et d&#8217;encadrement. Le voyage responsable, c&#8217;est un voyage que l&#8217;on fait les yeux grands ouverts sure le monde, sure les gens que l&#8217;on va croiser et sur la nature dans laquelle on va se plonger, En deux mots, respect et plaisir.<\/p>\n\n\n\n<p>D\u00e9couvrir nos forfaits pour votre prochain <a href=\"https:\/\/websitedesigninahmedabd.in\/trekkingenindeold\/voyage-en-inde\/\" target=\"_blank\" rel=\"noreferrer noopener\">voyage en Inde<\/a>.<br><a href=\"https:\/\/websitedesigninahmedabd.in\/trekkingenindeold\/contactez-nous\/\">Contactez-nous<\/a>\u00a0pour plus de d\u00e9tails et pour toute demande concernant nos forfaits.<\/p>\n","protected":false},"excerpt":{"rendered":"<p>TrekkingEnInde.com, est une agence sp\u00e9cialement d&#8217;aventure, Randonn\u00e9es P\u00e9destres (trekking), Rafting, Grimp\u00e9 au montanges (Exp\u00e9dition) et Tour de V\u00e9lo. L&#8217;agence francophone bas\u00e9e \u00e0 New Delhi, Ladakh (Leh), Nainital (Valley du Kumaon) et Darjeeling, en Inde. Une \u00e9quipe conviviale, dynamique et professionnele qui met son exp\u00e9rience \u00e0 profit pour vous satisfaire en respectant les coutumes d&#8217;Inde. N\u00f4tre [&hellip;]<\/p>\n","protected":false},"author":1,"featured_media":0,"parent":0,"menu_order":0,"comment_status":"closed","ping_status":"closed","template":"","meta":{"footnotes":""},"class_list":["post-22","page","type-page","status-publish","hentry"],"_links":{"self":[{"href":"https:\/\/trekkingeninde.com\/newsite\/wp-json\/wp\/v2\/pages\/22","targetHints":{"allow":["GET"]}}],"collection":[{"href":"https:\/\/trekkingeninde.com\/newsite\/wp-json\/wp\/v2\/pages"}],"about":[{"href":"https:\/\/trekkingeninde.com\/newsite\/wp-json\/wp\/v2\/types\/page"}],"author":[{"embeddable":true,"href":"https:\/\/trekkingeninde.com\/newsite\/wp-json\/wp\/v2\/users\/1"}],"replies":[{"embeddable":true,"href":"https:\/\/trekkingeninde.com\/newsite\/wp-json\/wp\/v2\/comments?post=22"}],"version-history":[{"count":1,"href":"https:\/\/trekkingeninde.com\/newsite\/wp-json\/wp\/v2\/pages\/22\/revisions"}],"predecessor-version":[{"id":6715,"href":"https:\/\/trekkingeninde.com\/newsite\/wp-json\/wp\/v2\/pages\/22\/revisions\/6715"}],"wp:attachment":[{"href":"https:\/\/trekkingeninde.com\/newsite\/wp-json\/wp\/v2\/media?parent=22"}],"curies":[{"name":"wp","href":"https:\/\/api.w.org\/{rel}","templated":true}]}}